{"id":2120,"date":"2020-04-29T14:21:26","date_gmt":"2020-04-29T12:21:26","guid":{"rendered":"https:\/\/ship-tracker.org\/?page_id=2120"},"modified":"2022-10-27T16:02:03","modified_gmt":"2022-10-27T14:02:03","slug":"celestyal-cruises","status":"publish","type":"page","link":"https:\/\/ship-tracker.org\/de\/celestyal-cruises\/","title":{"rendered":"Himmlische Kreuzfahrten"},"content":{"rendered":"<h2>Standort der Flotte von Celestyal Cruises: Schiffe, IMO-Nummern, MMSI, Webcams<\/h2>\n<p>Wo ist die aktuelle Position der Flotte von Celestyal Cruises?<\/p>\n<table>\n<tbody>\n<tr style=\"height: 24px;\">\n<td style=\"width: 457px; height: 24px;\"><span style=\"color: #1f405b;\"><strong>Schiff<\/strong><\/span><\/td>\n<td style=\"width: 456px; height: 24px;\"><span style=\"color: #1f405b;\"><strong>Meiner Meinung nach<\/strong><\/span><\/td>\n<td style=\"width: 456px; height: 24px;\"><span style=\"color: #1f405b;\"><strong>MMSI<\/strong><\/span><\/td>\n<\/tr>\n<tr style=\"height: 24px;\">\n<td style=\"width: 457px; height: 24px;\"><a href=\"https:\/\/ship-tracker.org\/de\/celestyal-olympia\/\">Himmlisches Olympia<\/a><\/td>\n<td style=\"width: 456px; height: 24px;\">7927984<\/td>\n<td style=\"width: 456px; height: 24px;\">229051000<\/td>\n<\/tr>\n<tr style=\"height: 24px;\">\n<td style=\"width: 457px; height: 24px;\"><a href=\"https:\/\/ship-tracker.org\/de\/celestyal-crystal\/\">Himmlischer Kristall<\/a><\/td>\n<td style=\"width: 456px; height: 24px;\">7827213<\/td>\n<td style=\"width: 456px; height: 24px;\">229001000<\/td>\n<\/tr>\n<\/tbody>\n<\/table>\n<h2>\u00dcber Celestyal Cruises<\/h2>\n<p>Celestyal Cruises ist eine neu gegr\u00fcndete Reederei in Griechenland. Derzeit betreibt das Unternehmen drei Kreuzfahrtschiffe, zwei von Louis Cruises, die Louis Crystal und die Louis Olympia. Beide Schiffe wurden umbenannt. Auch f\u00fcr die MS Voyager, die zuletzt f\u00fcr Semester at Sea eingesetzt wurde, wurde ein Chartervertrag abgeschlossen. Das Schiff wird Celestyal Odyssey hei\u00dfen. Ob gro\u00df oder klein, Celestyal Cruises hat zahlreiche Angebote, die f\u00fcr eine tolle Reise sorgen. Die ersten Programme beginnen fr\u00fch morgens und sind bis sp\u00e4t in den Abend verf\u00fcgbar. Wenn Sie nun mit Ihren Kindern Gesellschaftsspiele spielen oder lieber im Fitnessstudio etwas f\u00fcr sich tun m\u00f6chten, gibt es Unterhaltungsm\u00f6glichkeiten und Aktivit\u00e4ten f\u00fcr jeden Bedarf. Wissenswettbewerbe, Tanzkurse, verschiedene Sportarten, Konzerte, Kochkurse \u2013 all das und noch viel mehr wird hier angeboten.<\/p>","protected":false},"excerpt":{"rendered":"<p>Celestyal Cruises Flottenstandort Schiffe, IMO-Nummern, MMSI, Webcams Wo befindet sich die aktuelle Position der Celestyal Cruises Flotte? Schiff IMO MMSI Celestyal Olympia 7927984 229051000 Celestyal Crystal 7827213 229001000 \u00dcber Celestyal Cruises Celestyal Cruises ist eine neu gegr\u00fcndete Reederei in Griechenland. Sie betreibt derzeit drei Kreuzfahrtschiffe, zwei von Louis Cruises, die Louis\u2026&nbsp;<a href=\"https:\/\/ship-tracker.org\/de\/celestyal-cruises\/\" rel=\"bookmark\">Weiterlesen \u00bb<span class=\"screen-reader-text\">Himmlische Kreuzfahrten<\/span><\/a><\/p>","protected":false},"author":1,"featured_media":2121,"parent":0,"menu_order":0,"comment_status":"closed","ping_status":"closed","template":"","meta":{"neve_meta_sidebar":"","neve_meta_container":"","neve_meta_enable_content_width":"","neve_meta_content_width":0,"neve_meta_title_alignment":"","neve_meta_author_avatar":"","neve_post_elements_order":"","neve_meta_disable_header":"","neve_meta_disable_footer":"","neve_meta_disable_title":"","neve_meta_reading_time":"","footnotes":""},"class_list":["post-2120","page","type-page","status-publish","has-post-thumbnail","hentry"],"yoast_head":"<!-- This site is optimized with the Yoast SEO plugin v27.4 - https:\/\/yoast.com\/product\/yoast-seo-wordpress\/ -->\n<title>Track Celestyal Cruises Fleet | Cruise Ships | Marine Vessel<\/title>\n<meta name=\"description\" content=\"Celestyal Cruises Fleet Location | Current Positions of Celestyal Cruises Ships, IMO numbers, MMSI, Webcam | Live Fleet Maps | Ship Tracker\" \/>\n<meta name=\"robots\" content=\"index, follow, max-snippet:-1, max-image-preview:large, max-video-preview:-1\" \/>\n<link rel=\"canonical\" href=\"https:\/\/ship-tracker.org\/de\/celestyal-cruises\/\" \/>\n<meta property=\"og:locale\" content=\"de_DE\" \/>\n<meta property=\"og:type\" content=\"article\" \/>\n<meta property=\"og:title\" content=\"Track Celestyal Cruises Fleet | Cruise Ships | Marine Vessel\" \/>\n<meta property=\"og:description\" content=\"Celestyal Cruises Fleet Location | Current Positions of Celestyal Cruises Ships, IMO numbers, MMSI, Webcam | Live Fleet Maps | Ship Tracker\" \/>\n<meta property=\"og:url\" content=\"https:\/\/ship-tracker.org\/de\/celestyal-cruises\/\" \/>\n<meta property=\"og:site_name\" content=\"Ship-tracker.org\" \/>\n<meta property=\"article:modified_time\" content=\"2022-10-27T14:02:03+00:00\" \/>\n<meta property=\"og:image\" content=\"https:\/\/ship-tracker.org\/wp-content\/uploads\/2020\/04\/company-logos-celestyal-354962.jpg\" \/>\n\t<meta property=\"og:image:width\" content=\"600\" \/>\n\t<meta property=\"og:image:height\" content=\"352\" \/>\n\t<meta property=\"og:image:type\" content=\"image\/jpeg\" \/>\n<meta name=\"twitter:card\" content=\"summary_large_image\" \/>\n<meta name=\"twitter:label1\" content=\"Gesch\u00e4tzte Lesezeit\" \/>\n\t<meta name=\"twitter:data1\" content=\"1\u00a0Minute\" \/>\n<script type=\"application\/ld+json\" class=\"yoast-schema-graph\">{\"@context\":\"https:\\\/\\\/schema.org\",\"@graph\":[{\"@type\":\"WebPage\",\"@id\":\"https:\\\/\\\/ship-tracker.org\\\/celestyal-cruises\\\/\",\"url\":\"https:\\\/\\\/ship-tracker.org\\\/celestyal-cruises\\\/\",\"name\":\"Track Celestyal Cruises Fleet | Cruise Ships | Marine Vessel\",\"isPartOf\":{\"@id\":\"https:\\\/\\\/ship-tracker.org\\\/#website\"},\"primaryImageOfPage\":{\"@id\":\"https:\\\/\\\/ship-tracker.org\\\/celestyal-cruises\\\/#primaryimage\"},\"image\":{\"@id\":\"https:\\\/\\\/ship-tracker.org\\\/celestyal-cruises\\\/#primaryimage\"},\"thumbnailUrl\":\"https:\\\/\\\/ship-tracker.org\\\/wp-content\\\/uploads\\\/2020\\\/04\\\/company-logos-celestyal-354962.jpg\",\"datePublished\":\"2020-04-29T12:21:26+00:00\",\"dateModified\":\"2022-10-27T14:02:03+00:00\",\"description\":\"Celestyal Cruises Fleet Location | Current Positions of Celestyal Cruises Ships, IMO numbers, MMSI, Webcam | Live Fleet Maps | Ship Tracker\",\"breadcrumb\":{\"@id\":\"https:\\\/\\\/ship-tracker.org\\\/celestyal-cruises\\\/#breadcrumb\"},\"inLanguage\":\"de\",\"potentialAction\":[{\"@type\":\"ReadAction\",\"target\":[\"https:\\\/\\\/ship-tracker.org\\\/celestyal-cruises\\\/\"]}]},{\"@type\":\"ImageObject\",\"inLanguage\":\"de\",\"@id\":\"https:\\\/\\\/ship-tracker.org\\\/celestyal-cruises\\\/#primaryimage\",\"url\":\"https:\\\/\\\/ship-tracker.org\\\/wp-content\\\/uploads\\\/2020\\\/04\\\/company-logos-celestyal-354962.jpg\",\"contentUrl\":\"https:\\\/\\\/ship-tracker.org\\\/wp-content\\\/uploads\\\/2020\\\/04\\\/company-logos-celestyal-354962.jpg\",\"width\":600,\"height\":352,\"caption\":\"Celestyal Cruises\"},{\"@type\":\"BreadcrumbList\",\"@id\":\"https:\\\/\\\/ship-tracker.org\\\/celestyal-cruises\\\/#breadcrumb\",\"itemListElement\":[{\"@type\":\"ListItem\",\"position\":1,\"name\":\"Startseite\",\"item\":\"https:\\\/\\\/ship-tracker.org\\\/\"},{\"@type\":\"ListItem\",\"position\":2,\"name\":\"Celestyal Cruises\"}]},{\"@type\":\"WebSite\",\"@id\":\"https:\\\/\\\/ship-tracker.org\\\/#website\",\"url\":\"https:\\\/\\\/ship-tracker.org\\\/\",\"name\":\"Ship-tracker.org\",\"description\":\"\",\"potentialAction\":[{\"@type\":\"SearchAction\",\"target\":{\"@type\":\"EntryPoint\",\"urlTemplate\":\"https:\\\/\\\/ship-tracker.org\\\/?s={search_term_string}\"},\"query-input\":{\"@type\":\"PropertyValueSpecification\",\"valueRequired\":true,\"valueName\":\"search_term_string\"}}],\"inLanguage\":\"de\"}]}<\/script>\n<!-- \/ Yoast SEO plugin. -->","yoast_head_json":{"title":"Verfolgen Sie die Flotte von Celestyal Cruises | Kreuzfahrtschiffe | Marineschiff","description":"Standort der Celestyal Cruises-Flotte | Aktuelle Positionen der Schiffe von Celestyal Cruises, IMO-Nummern, MMSI, Webcam | Live-Flottenkarten | Schiffsverfolger","robots":{"index":"index","follow":"follow","max-snippet":"max-snippet:-1","max-image-preview":"max-image-preview:large","max-video-preview":"max-video-preview:-1"},"canonical":"https:\/\/ship-tracker.org\/de\/celestyal-cruises\/","og_locale":"de_DE","og_type":"article","og_title":"Track Celestyal Cruises Fleet | Cruise Ships | Marine Vessel","og_description":"Celestyal Cruises Fleet Location | Current Positions of Celestyal Cruises Ships, IMO numbers, MMSI, Webcam | Live Fleet Maps | Ship Tracker","og_url":"https:\/\/ship-tracker.org\/de\/celestyal-cruises\/","og_site_name":"Ship-tracker.org","article_modified_time":"2022-10-27T14:02:03+00:00","og_image":[{"width":600,"height":352,"url":"https:\/\/ship-tracker.org\/wp-content\/uploads\/2020\/04\/company-logos-celestyal-354962.jpg","type":"image\/jpeg"}],"twitter_card":"summary_large_image","twitter_misc":{"Gesch\u00e4tzte Lesezeit":"1\u00a0Minute"},"schema":{"@context":"https:\/\/schema.org","@graph":[{"@type":"WebPage","@id":"https:\/\/ship-tracker.org\/celestyal-cruises\/","url":"https:\/\/ship-tracker.org\/celestyal-cruises\/","name":"Verfolgen Sie die Flotte von Celestyal Cruises | Kreuzfahrtschiffe | Marineschiff","isPartOf":{"@id":"https:\/\/ship-tracker.org\/#website"},"primaryImageOfPage":{"@id":"https:\/\/ship-tracker.org\/celestyal-cruises\/#primaryimage"},"image":{"@id":"https:\/\/ship-tracker.org\/celestyal-cruises\/#primaryimage"},"thumbnailUrl":"https:\/\/ship-tracker.org\/wp-content\/uploads\/2020\/04\/company-logos-celestyal-354962.jpg","datePublished":"2020-04-29T12:21:26+00:00","dateModified":"2022-10-27T14:02:03+00:00","description":"Standort der Celestyal Cruises-Flotte | Aktuelle Positionen der Schiffe von Celestyal Cruises, IMO-Nummern, MMSI, Webcam | Live-Flottenkarten | Schiffsverfolger","breadcrumb":{"@id":"https:\/\/ship-tracker.org\/celestyal-cruises\/#breadcrumb"},"inLanguage":"de","potentialAction":[{"@type":"ReadAction","target":["https:\/\/ship-tracker.org\/celestyal-cruises\/"]}]},{"@type":"ImageObject","inLanguage":"de","@id":"https:\/\/ship-tracker.org\/celestyal-cruises\/#primaryimage","url":"https:\/\/ship-tracker.org\/wp-content\/uploads\/2020\/04\/company-logos-celestyal-354962.jpg","contentUrl":"https:\/\/ship-tracker.org\/wp-content\/uploads\/2020\/04\/company-logos-celestyal-354962.jpg","width":600,"height":352,"caption":"Celestyal Cruises"},{"@type":"BreadcrumbList","@id":"https:\/\/ship-tracker.org\/celestyal-cruises\/#breadcrumb","itemListElement":[{"@type":"ListItem","position":1,"name":"Startseite","item":"https:\/\/ship-tracker.org\/"},{"@type":"ListItem","position":2,"name":"Celestyal Cruises"}]},{"@type":"WebSite","@id":"https:\/\/ship-tracker.org\/#website","url":"https:\/\/ship-tracker.org\/","name":"Ship-tracker.org","description":"","potentialAction":[{"@type":"SearchAction","target":{"@type":"EntryPoint","urlTemplate":"https:\/\/ship-tracker.org\/?s={search_term_string}"},"query-input":{"@type":"PropertyValueSpecification","valueRequired":true,"valueName":"search_term_string"}}],"inLanguage":"de"}]}},"_links":{"self":[{"href":"https:\/\/ship-tracker.org\/de\/wp-json\/wp\/v2\/pages\/2120","targetHints":{"allow":["GET"]}}],"collection":[{"href":"https:\/\/ship-tracker.org\/de\/wp-json\/wp\/v2\/pages"}],"about":[{"href":"https:\/\/ship-tracker.org\/de\/wp-json\/wp\/v2\/types\/page"}],"author":[{"embeddable":true,"href":"https:\/\/ship-tracker.org\/de\/wp-json\/wp\/v2\/users\/1"}],"replies":[{"embeddable":true,"href":"https:\/\/ship-tracker.org\/de\/wp-json\/wp\/v2\/comments?post=2120"}],"version-history":[{"count":5,"href":"https:\/\/ship-tracker.org\/de\/wp-json\/wp\/v2\/pages\/2120\/revisions"}],"predecessor-version":[{"id":3492,"href":"https:\/\/ship-tracker.org\/de\/wp-json\/wp\/v2\/pages\/2120\/revisions\/3492"}],"wp:featuredmedia":[{"embeddable":true,"href":"https:\/\/ship-tracker.org\/de\/wp-json\/wp\/v2\/media\/2121"}],"wp:attachment":[{"href":"https:\/\/ship-tracker.org\/de\/wp-json\/wp\/v2\/media?parent=2120"}],"curies":[{"name":"wp","href":"https:\/\/api.w.org\/{rel}","templated":true}]}}