{"id":2103,"date":"2020-04-29T14:27:18","date_gmt":"2020-04-29T12:27:18","guid":{"rendered":"https:\/\/ship-tracker.org\/?page_id=2103"},"modified":"2024-09-20T14:35:09","modified_gmt":"2024-09-20T12:35:09","slug":"norwegian-cruise-line","status":"publish","type":"page","link":"https:\/\/ship-tracker.org\/de\/norwegian-cruise-line\/","title":{"rendered":"Norwegische Kreuzfahrtlinie"},"content":{"rendered":"<h2>Standort der Schiffe der Flotte von Norwegian Cruise Line, IMO-Nummern, MMSI, Webcams<\/h2>\n<p>Wo ist die aktuelle Position der Flotte von Norwegian Cruise Line derzeit?<\/p>\n<table style=\"border-collapse: collapse; width: 100%; height: 432px;\">\n<tbody>\n<tr style=\"height: 24px;\">\n<td style=\"width: 33.3333%; height: 24px;\"><span style=\"color: #1f405b;\"><strong>Schiff<\/strong><\/span><\/td>\n<td style=\"width: 33.3333%; height: 24px;\"><span style=\"color: #1f405b;\"><strong>Meiner Meinung nach<\/strong><\/span><\/td>\n<td style=\"width: 33.3333%; height: 24px;\"><span style=\"color: #1f405b;\"><strong>MMSI<\/strong><\/span><\/td>\n<\/tr>\n<tr style=\"height: 24px;\">\n<td style=\"width: 33.3333%; height: 24px;\"><a href=\"https:\/\/ship-tracker.org\/de\/norwegian-encore\/\">Norwegische Zugabe<\/a><\/td>\n<td style=\"width: 33.3333%; height: 24px;\">9751511<\/td>\n<td style=\"width: 33.3333%; height: 24px;\">311000879<\/td>\n<\/tr>\n<tr style=\"height: 24px;\">\n<td style=\"width: 33.3333%; height: 24px;\"><a href=\"https:\/\/ship-tracker.org\/de\/norwegian-bliss\/\">Norwegische Gl\u00fcckseligkeit<\/a><\/td>\n<td style=\"width: 33.3333%; height: 24px;\">9751509<\/td>\n<td style=\"width: 33.3333%; height: 24px;\">311000710<\/td>\n<\/tr>\n<tr style=\"height: 24px;\">\n<td style=\"width: 33.3333%; height: 24px;\"><a href=\"https:\/\/ship-tracker.org\/de\/norwegian-joy\/\">Norwegische Freude<\/a><\/td>\n<td style=\"width: 33.3333%; height: 24px;\">9703796<\/td>\n<td style=\"width: 33.3333%; height: 24px;\">311000599<\/td>\n<\/tr>\n<tr style=\"height: 24px;\">\n<td style=\"width: 33.3333%; height: 24px;\"><a href=\"https:\/\/ship-tracker.org\/de\/norwegian-escape\/\">Norwegische Flucht<\/a><\/td>\n<td style=\"width: 33.3333%; height: 24px;\">9677076<\/td>\n<td style=\"width: 33.3333%; height: 24px;\">311000341<\/td>\n<\/tr>\n<tr style=\"height: 24px;\">\n<td style=\"width: 33.3333%; height: 24px;\"><a href=\"https:\/\/ship-tracker.org\/de\/norwegian-getaway\/\">Norwegischer Kurzurlaub<\/a><\/td>\n<td style=\"width: 33.3333%; height: 24px;\">9606924<\/td>\n<td style=\"width: 33.3333%; height: 24px;\">311050900<\/td>\n<\/tr>\n<tr style=\"height: 24px;\">\n<td style=\"width: 33.3333%; height: 24px;\"><a href=\"https:\/\/ship-tracker.org\/de\/norwegian-breakaway\/\">Norwegischer Ausrei\u00dfer<\/a><\/td>\n<td style=\"width: 33.3333%; height: 24px;\">9606912<\/td>\n<td style=\"width: 33.3333%; height: 24px;\">311050800<\/td>\n<\/tr>\n<tr style=\"height: 24px;\">\n<td style=\"width: 33.3333%; height: 24px;\"><a href=\"https:\/\/ship-tracker.org\/de\/norwegian-epic\/\">Norwegisches Epos<\/a><\/td>\n<td style=\"width: 33.3333%; height: 24px;\">9410569<\/td>\n<td style=\"width: 33.3333%; height: 24px;\">311018500<\/td>\n<\/tr>\n<tr style=\"height: 24px;\">\n<td style=\"width: 33.3333%; height: 24px;\"><a href=\"https:\/\/ship-tracker.org\/de\/norwegian-gem\/\">Norwegisches Juwel<\/a><\/td>\n<td style=\"width: 33.3333%; height: 24px;\">9355733<\/td>\n<td style=\"width: 33.3333%; height: 24px;\">309951000<\/td>\n<\/tr>\n<tr class=\"alt\" style=\"height: 24px;\">\n<td style=\"width: 33.3333%; height: 24px;\"><a href=\"https:\/\/ship-tracker.org\/de\/norwegian-jade\/\">Norwegische Jade<\/a><\/td>\n<td style=\"width: 33.3333%; height: 24px;\">9304057<\/td>\n<td style=\"width: 33.3333%; height: 24px;\">308416000<\/td>\n<\/tr>\n<tr style=\"height: 24px;\">\n<td style=\"width: 33.3333%; height: 24px;\"><a href=\"https:\/\/ship-tracker.org\/de\/norwegian-pearl\/\">Norwegische Perle<\/a><\/td>\n<td style=\"width: 33.3333%; height: 24px;\">9342281<\/td>\n<td style=\"width: 33.3333%; height: 24px;\">309653000<\/td>\n<\/tr>\n<tr style=\"height: 24px;\">\n<td style=\"width: 33.3333%; height: 24px;\"><a href=\"https:\/\/ship-tracker.org\/de\/norwegian-jewel\/\">Norwegisches Juwel<\/a><\/td>\n<td style=\"width: 33.3333%; height: 24px;\">9304045<\/td>\n<td style=\"width: 33.3333%; height: 24px;\">311827000<\/td>\n<\/tr>\n<tr style=\"height: 24px;\">\n<td style=\"width: 33.3333%; height: 24px;\"><a href=\"https:\/\/ship-tracker.org\/de\/pride-of-america\/\">Stolz von Amerika<\/a><\/td>\n<td style=\"width: 33.3333%; height: 24px;\">9209221<\/td>\n<td style=\"width: 33.3333%; height: 24px;\">366994450<\/td>\n<\/tr>\n<tr style=\"height: 24px;\">\n<td style=\"width: 33.3333%; height: 24px;\"><a href=\"https:\/\/ship-tracker.org\/de\/norwegian-dawn\/\">Norwegische Morgend\u00e4mmerung<\/a><\/td>\n<td style=\"width: 33.3333%; height: 24px;\">9195169<\/td>\n<td style=\"width: 33.3333%; height: 24px;\">311307000<\/td>\n<\/tr>\n<tr style=\"height: 24px;\">\n<td style=\"width: 33.3333%; height: 24px;\"><a href=\"https:\/\/ship-tracker.org\/de\/norwegian-star\/\">Norwegischer Stern<\/a><\/td>\n<td style=\"width: 33.3333%; height: 24px;\">9195157<\/td>\n<td style=\"width: 33.3333%; height: 24px;\">311082000<\/td>\n<\/tr>\n<tr style=\"height: 24px;\">\n<td style=\"width: 33.3333%; height: 24px;\"><a href=\"https:\/\/ship-tracker.org\/de\/norwegian-sun\/\">Norwegische Sonne<\/a><\/td>\n<td style=\"width: 33.3333%; height: 24px;\">9218131<\/td>\n<td style=\"width: 33.3333%; height: 24px;\">311109000<\/td>\n<\/tr>\n<tr style=\"height: 24px;\">\n<td style=\"width: 33.3333%; height: 24px;\"><a href=\"https:\/\/ship-tracker.org\/de\/norwegian-sky\/\">Norwegischer Himmel<\/a><\/td>\n<td style=\"width: 33.3333%; height: 24px;\">9128532<\/td>\n<td style=\"width: 33.3333%; height: 24px;\">308865000<\/td>\n<\/tr>\n<tr style=\"height: 24px;\">\n<td style=\"width: 33.3333%; height: 24px;\"><a href=\"https:\/\/ship-tracker.org\/de\/norwegian-spirit\/\">Norwegischer Geist<\/a><\/td>\n<td style=\"width: 33.3333%; height: 24px;\">9141065<\/td>\n<td style=\"width: 33.3333%; height: 24px;\">311746000<\/td>\n<\/tr>\n<tr>\n<td style=\"width: 33.3333%;\"><a href=\"https:\/\/ship-tracker.org\/de\/norwegian-prima\/\">Norwegischer Prima<\/a><\/td>\n<td style=\"width: 33.3333%;\">9823986<\/td>\n<td style=\"width: 33.3333%;\">311001059<\/td>\n<\/tr>\n<tr>\n<td style=\"width: 33.3333%;\"><a href=\"https:\/\/ship-tracker.org\/de\/norwegian-viva\/\">Norwegische Viva<\/a><\/td>\n<td style=\"width: 33.3333%;\">9823998<\/td>\n<td style=\"width: 33.3333%;\">311001127<\/td>\n<\/tr>\n<tr>\n<td style=\"width: 33.3333%;\"><a href=\"https:\/\/ship-tracker.org\/de\/norwegian-aqua\/\">Norwegian Aqua<\/a><\/td>\n<td style=\"width: 33.3333%;\">9824007<\/td>\n<td style=\"width: 33.3333%;\"><\/td>\n<\/tr>\n<tr>\n<td style=\"width: 33.3333%;\"><a href=\"https:\/\/ship-tracker.org\/de\/norwegian-luna\/\">Norwegische Luna<\/a><\/td>\n<td style=\"width: 33.3333%;\">9824019<\/td>\n<td style=\"width: 33.3333%;\"><\/td>\n<\/tr>\n<\/tbody>\n<\/table>\n<h2>\u00dcber Norwegian Cruise Line<\/h2>\n<p>Norwegian Cruise Line ist ein erneuertes Unternehmen mit einer Flotte von 14 Schiffen in Miami, Florida. Unser Unternehmen ist ein Zusammenschluss mehrerer Unternehmen im Privatbesitz von Norwegian Cruise Line \u2013 NCL. Im Gegensatz zum klassischen Kreuzfahrtmodus bieten wir ein an die Bed\u00fcrfnisse des modernen Passagiers angepasstes Programm an, das w\u00e4hrend der Kreuzfahrt ge\u00e4ndert werden kann. Den Passagieren wird ein entspannter Urlaub, \u00e4hnlich einem Aufenthalt in einem Ferienresort, mit einem unaufdringlichen, gehobenen Standardangebot geboten. Keine festen Essenszeiten oder Kleiderordnung.<\/p>\n<p>Genie\u00dfen Sie die entspannte Atmosph\u00e4re und den Komfort an Bord, w\u00e4hrend Sie zu den sch\u00f6nsten Orten reisen. Langeweile ist an Bord von Norwegian Cruise Line ein Fremdwort. Unterhaltung wird gro\u00df geschrieben: Egal ob Sie Broadway-Shows oder Dinner-Shows m\u00f6gen, Sie werden \u00fcberall tolle Momente erleben \u2013 und das gilt auch f\u00fcr Ihre Kinder. Schwimmb\u00e4der mit Rutschen, Kinderdisco, Tischtennis oder Kletterw\u00e4nde: Alles ist inklusive. Bei Norwegian Cruise Line ist sogar Abseilen m\u00f6glich! Alles ist auf kreative und aktive Aktivit\u00e4ten ausgerichtet. Sport treiben, singen, auf einer Poolparty tanzen und Filme schauen sind nur einige der angebotenen Aktivit\u00e4ten.<\/p>\n<p>Lassen Sie sich von dem enorm vielf\u00e4ltigen kulinarischen Angebot verw\u00f6hnen. Von Tapas bis Teppanyaki und von der Sushi-Bar bis zum Steakhouse. Oder doch lieber das franz\u00f6sische Bistro? Es besteht stets eine ausgewogene Verteilung zwischen den in Ihrem Aufenthalt inkludierten Restaurants und den Restaurants, f\u00fcr die ein Zuschlag zu zahlen ist. Es gibt keine strenge Kleidungsempfehlung, Sie k\u00f6nnen Ihren Smoking oder Ihr Abendkleid also zu Hause lassen. Sie k\u00f6nnen tun und lassen, was Sie wollen, schlie\u00dflich ist es Ihr Urlaub. Mit der j\u00fcngsten Flotte der Welt werden Sie sich keine Minute langweilen.<\/p>","protected":false},"excerpt":{"rendered":"<p>Standort der Flotte von Norwegian Cruise Line Schiffe, IMO-Nummern, MMSI, Webcams Wo befindet sich die aktuelle Position der Flotte von Norwegian Cruise Line? Schiff IMO MMSI Norwegian Encore 9751511 311000879 Norwegian Bliss 9751509 311000710 Norwegian Joy 9703796 311000599 Norwegian Escape 9677076 311000341 Norwegian Getaway 9606924 311050900 Norwegian Breakaway 9606912 311050800 Norwegian Epic 9410569 311018500 Norwegian Gem 9355733\u2026&nbsp;<a href=\"https:\/\/ship-tracker.org\/de\/norwegian-cruise-line\/\" rel=\"bookmark\">Weiterlesen \u00bb<span class=\"screen-reader-text\">Norwegische Kreuzfahrtlinie<\/span><\/a><\/p>","protected":false},"author":1,"featured_media":2105,"parent":0,"menu_order":0,"comment_status":"closed","ping_status":"closed","template":"","meta":{"neve_meta_sidebar":"","neve_meta_container":"","neve_meta_enable_content_width":"off","neve_meta_content_width":100,"neve_meta_title_alignment":"","neve_meta_author_avatar":"","neve_post_elements_order":"","neve_meta_disable_header":"","neve_meta_disable_footer":"","neve_meta_disable_title":"","neve_meta_reading_time":"","footnotes":""},"class_list":["post-2103","page","type-page","status-publish","has-post-thumbnail","hentry"],"yoast_head":"<!-- This site is optimized with the Yoast SEO plugin v27.4 - https:\/\/yoast.com\/product\/yoast-seo-wordpress\/ -->\n<title>Track Norwegian Cruise Line Fleet | Cruise Ships | Marine Vessel<\/title>\n<meta name=\"description\" content=\"Norwegian Cruise Line Fleet Location | Current Positions of Norwegian Cruise Line Ships, IMO numbers, MMSI, Webcam | Live Fleet Maps\" \/>\n<meta name=\"robots\" content=\"index, follow, max-snippet:-1, max-image-preview:large, max-video-preview:-1\" \/>\n<link rel=\"canonical\" href=\"https:\/\/ship-tracker.org\/de\/norwegian-cruise-line\/\" \/>\n<meta property=\"og:locale\" content=\"de_DE\" \/>\n<meta property=\"og:type\" content=\"article\" \/>\n<meta property=\"og:title\" content=\"Track Norwegian Cruise Line Fleet | Cruise Ships | Marine Vessel\" \/>\n<meta property=\"og:description\" content=\"Norwegian Cruise Line Fleet Location | Current Positions of Norwegian Cruise Line Ships, IMO numbers, MMSI, Webcam | Live Fleet Maps\" \/>\n<meta property=\"og:url\" content=\"https:\/\/ship-tracker.org\/de\/norwegian-cruise-line\/\" \/>\n<meta property=\"og:site_name\" content=\"Ship-tracker.org\" \/>\n<meta property=\"article:modified_time\" content=\"2024-09-20T12:35:09+00:00\" \/>\n<meta property=\"og:image\" content=\"https:\/\/ship-tracker.org\/wp-content\/uploads\/2020\/04\/reederei-norwegian.jpg\" \/>\n\t<meta property=\"og:image:width\" content=\"325\" \/>\n\t<meta property=\"og:image:height\" content=\"245\" \/>\n\t<meta property=\"og:image:type\" content=\"image\/jpeg\" \/>\n<meta name=\"twitter:card\" content=\"summary_large_image\" \/>\n<meta name=\"twitter:label1\" content=\"Gesch\u00e4tzte Lesezeit\" \/>\n\t<meta name=\"twitter:data1\" content=\"2\u00a0Minuten\" \/>\n<script type=\"application\/ld+json\" class=\"yoast-schema-graph\">{\"@context\":\"https:\\\/\\\/schema.org\",\"@graph\":[{\"@type\":\"WebPage\",\"@id\":\"https:\\\/\\\/ship-tracker.org\\\/norwegian-cruise-line\\\/\",\"url\":\"https:\\\/\\\/ship-tracker.org\\\/norwegian-cruise-line\\\/\",\"name\":\"Track Norwegian Cruise Line Fleet | Cruise Ships | Marine Vessel\",\"isPartOf\":{\"@id\":\"https:\\\/\\\/ship-tracker.org\\\/#website\"},\"primaryImageOfPage\":{\"@id\":\"https:\\\/\\\/ship-tracker.org\\\/norwegian-cruise-line\\\/#primaryimage\"},\"image\":{\"@id\":\"https:\\\/\\\/ship-tracker.org\\\/norwegian-cruise-line\\\/#primaryimage\"},\"thumbnailUrl\":\"https:\\\/\\\/ship-tracker.org\\\/wp-content\\\/uploads\\\/2020\\\/04\\\/reederei-norwegian.jpg\",\"datePublished\":\"2020-04-29T12:27:18+00:00\",\"dateModified\":\"2024-09-20T12:35:09+00:00\",\"description\":\"Norwegian Cruise Line Fleet Location | Current Positions of Norwegian Cruise Line Ships, IMO numbers, MMSI, Webcam | Live Fleet Maps\",\"breadcrumb\":{\"@id\":\"https:\\\/\\\/ship-tracker.org\\\/norwegian-cruise-line\\\/#breadcrumb\"},\"inLanguage\":\"de\",\"potentialAction\":[{\"@type\":\"ReadAction\",\"target\":[\"https:\\\/\\\/ship-tracker.org\\\/norwegian-cruise-line\\\/\"]}]},{\"@type\":\"ImageObject\",\"inLanguage\":\"de\",\"@id\":\"https:\\\/\\\/ship-tracker.org\\\/norwegian-cruise-line\\\/#primaryimage\",\"url\":\"https:\\\/\\\/ship-tracker.org\\\/wp-content\\\/uploads\\\/2020\\\/04\\\/reederei-norwegian.jpg\",\"contentUrl\":\"https:\\\/\\\/ship-tracker.org\\\/wp-content\\\/uploads\\\/2020\\\/04\\\/reederei-norwegian.jpg\",\"width\":325,\"height\":245,\"caption\":\"Norwegian Cruise Line\"},{\"@type\":\"BreadcrumbList\",\"@id\":\"https:\\\/\\\/ship-tracker.org\\\/norwegian-cruise-line\\\/#breadcrumb\",\"itemListElement\":[{\"@type\":\"ListItem\",\"position\":1,\"name\":\"Startseite\",\"item\":\"https:\\\/\\\/ship-tracker.org\\\/\"},{\"@type\":\"ListItem\",\"position\":2,\"name\":\"Norwegian Cruise Line\"}]},{\"@type\":\"WebSite\",\"@id\":\"https:\\\/\\\/ship-tracker.org\\\/#website\",\"url\":\"https:\\\/\\\/ship-tracker.org\\\/\",\"name\":\"Ship-tracker.org\",\"description\":\"\",\"potentialAction\":[{\"@type\":\"SearchAction\",\"target\":{\"@type\":\"EntryPoint\",\"urlTemplate\":\"https:\\\/\\\/ship-tracker.org\\\/?s={search_term_string}\"},\"query-input\":{\"@type\":\"PropertyValueSpecification\",\"valueRequired\":true,\"valueName\":\"search_term_string\"}}],\"inLanguage\":\"de\"}]}<\/script>\n<!-- \/ Yoast SEO plugin. -->","yoast_head_json":{"title":"Verfolgen Sie die Flotte der norwegischen Kreuzfahrtlinie | Kreuzfahrtschiffe | Marineschiff","description":"Standort der Flotte von Norwegian Cruise Line | Aktuelle Positionen der Schiffe der norwegischen Kreuzfahrtlinie, IMO-Nummern, MMSI, Webcam | Live-Flottenkarten","robots":{"index":"index","follow":"follow","max-snippet":"max-snippet:-1","max-image-preview":"max-image-preview:large","max-video-preview":"max-video-preview:-1"},"canonical":"https:\/\/ship-tracker.org\/de\/norwegian-cruise-line\/","og_locale":"de_DE","og_type":"article","og_title":"Track Norwegian Cruise Line Fleet | Cruise Ships | Marine Vessel","og_description":"Norwegian Cruise Line Fleet Location | Current Positions of Norwegian Cruise Line Ships, IMO numbers, MMSI, Webcam | Live Fleet Maps","og_url":"https:\/\/ship-tracker.org\/de\/norwegian-cruise-line\/","og_site_name":"Ship-tracker.org","article_modified_time":"2024-09-20T12:35:09+00:00","og_image":[{"width":325,"height":245,"url":"https:\/\/ship-tracker.org\/wp-content\/uploads\/2020\/04\/reederei-norwegian.jpg","type":"image\/jpeg"}],"twitter_card":"summary_large_image","twitter_misc":{"Gesch\u00e4tzte Lesezeit":"2\u00a0Minuten"},"schema":{"@context":"https:\/\/schema.org","@graph":[{"@type":"WebPage","@id":"https:\/\/ship-tracker.org\/norwegian-cruise-line\/","url":"https:\/\/ship-tracker.org\/norwegian-cruise-line\/","name":"Verfolgen Sie die Flotte der norwegischen Kreuzfahrtlinie | Kreuzfahrtschiffe | Marineschiff","isPartOf":{"@id":"https:\/\/ship-tracker.org\/#website"},"primaryImageOfPage":{"@id":"https:\/\/ship-tracker.org\/norwegian-cruise-line\/#primaryimage"},"image":{"@id":"https:\/\/ship-tracker.org\/norwegian-cruise-line\/#primaryimage"},"thumbnailUrl":"https:\/\/ship-tracker.org\/wp-content\/uploads\/2020\/04\/reederei-norwegian.jpg","datePublished":"2020-04-29T12:27:18+00:00","dateModified":"2024-09-20T12:35:09+00:00","description":"Standort der Flotte von Norwegian Cruise Line | Aktuelle Positionen der Schiffe der norwegischen Kreuzfahrtlinie, IMO-Nummern, MMSI, Webcam | Live-Flottenkarten","breadcrumb":{"@id":"https:\/\/ship-tracker.org\/norwegian-cruise-line\/#breadcrumb"},"inLanguage":"de","potentialAction":[{"@type":"ReadAction","target":["https:\/\/ship-tracker.org\/norwegian-cruise-line\/"]}]},{"@type":"ImageObject","inLanguage":"de","@id":"https:\/\/ship-tracker.org\/norwegian-cruise-line\/#primaryimage","url":"https:\/\/ship-tracker.org\/wp-content\/uploads\/2020\/04\/reederei-norwegian.jpg","contentUrl":"https:\/\/ship-tracker.org\/wp-content\/uploads\/2020\/04\/reederei-norwegian.jpg","width":325,"height":245,"caption":"Norwegian Cruise Line"},{"@type":"BreadcrumbList","@id":"https:\/\/ship-tracker.org\/norwegian-cruise-line\/#breadcrumb","itemListElement":[{"@type":"ListItem","position":1,"name":"Startseite","item":"https:\/\/ship-tracker.org\/"},{"@type":"ListItem","position":2,"name":"Norwegian Cruise Line"}]},{"@type":"WebSite","@id":"https:\/\/ship-tracker.org\/#website","url":"https:\/\/ship-tracker.org\/","name":"Ship-tracker.org","description":"","potentialAction":[{"@type":"SearchAction","target":{"@type":"EntryPoint","urlTemplate":"https:\/\/ship-tracker.org\/?s={search_term_string}"},"query-input":{"@type":"PropertyValueSpecification","valueRequired":true,"valueName":"search_term_string"}}],"inLanguage":"de"}]}},"_links":{"self":[{"href":"https:\/\/ship-tracker.org\/de\/wp-json\/wp\/v2\/pages\/2103","targetHints":{"allow":["GET"]}}],"collection":[{"href":"https:\/\/ship-tracker.org\/de\/wp-json\/wp\/v2\/pages"}],"about":[{"href":"https:\/\/ship-tracker.org\/de\/wp-json\/wp\/v2\/types\/page"}],"author":[{"embeddable":true,"href":"https:\/\/ship-tracker.org\/de\/wp-json\/wp\/v2\/users\/1"}],"replies":[{"embeddable":true,"href":"https:\/\/ship-tracker.org\/de\/wp-json\/wp\/v2\/comments?post=2103"}],"version-history":[{"count":8,"href":"https:\/\/ship-tracker.org\/de\/wp-json\/wp\/v2\/pages\/2103\/revisions"}],"predecessor-version":[{"id":5334,"href":"https:\/\/ship-tracker.org\/de\/wp-json\/wp\/v2\/pages\/2103\/revisions\/5334"}],"wp:featuredmedia":[{"embeddable":true,"href":"https:\/\/ship-tracker.org\/de\/wp-json\/wp\/v2\/media\/2105"}],"wp:attachment":[{"href":"https:\/\/ship-tracker.org\/de\/wp-json\/wp\/v2\/media?parent=2103"}],"curies":[{"name":"wp","href":"https:\/\/api.w.org\/{rel}","templated":true}]}}