{"id":2081,"date":"2020-04-29T14:37:25","date_gmt":"2020-04-29T12:37:25","guid":{"rendered":"https:\/\/ship-tracker.org\/?page_id=2081"},"modified":"2022-10-27T16:00:06","modified_gmt":"2022-10-27T14:00:06","slug":"costa-cruises","status":"publish","type":"page","link":"https:\/\/ship-tracker.org\/de\/costa-cruises\/","title":{"rendered":"Costa Kreuzfahrten"},"content":{"rendered":"<h2>Standort der Flotte von Costa Kreuzfahrten: Schiffe, IMO-Nummern, MMSI, Webcams<\/h2>\n<p>Wo ist die aktuelle Position der Flotte von Costa Kreuzfahrten?<\/p>\n<table style=\"border-collapse: collapse; width: 100%; height: 480px;\">\n<tbody>\n<tr style=\"height: 24px;\">\n<td style=\"width: 33.3333%; height: 24px;\"><span style=\"color: #1f405b;\"><strong>Schiff<\/strong><\/span><\/td>\n<td style=\"width: 33.3333%; height: 24px;\"><span style=\"color: #1f405b;\"><strong>Meiner Meinung nach<\/strong><\/span><\/td>\n<td style=\"width: 33.3333%; height: 24px;\"><span style=\"color: #1f405b;\"><strong>MMSI<\/strong><\/span><\/td>\n<\/tr>\n<tr style=\"height: 24px;\">\n<td style=\"width: 33.3333%; height: 24px;\"><a href=\"https:\/\/ship-tracker.org\/de\/costa-deliziosa\/\">Costa Deliziosa<\/a><\/td>\n<td style=\"width: 33.3333%; height: 24px;\">9398917<\/td>\n<td style=\"width: 33.3333%; height: 24px;\">247282900<\/td>\n<\/tr>\n<tr style=\"height: 24px;\">\n<td style=\"width: 33.3333%; height: 24px;\"><a href=\"https:\/\/ship-tracker.org\/de\/costa-diadema\/\">Costa Diadema<\/a><\/td>\n<td style=\"width: 33.3333%; height: 24px;\">9636888<\/td>\n<td style=\"width: 33.3333%; height: 24px;\">247353700<\/td>\n<\/tr>\n<tr style=\"height: 24px;\">\n<td style=\"width: 33.3333%; height: 24px;\"><a href=\"https:\/\/ship-tracker.org\/de\/costa-fascinosa\/\">Costa Fascinosa<\/a><\/td>\n<td style=\"width: 33.3333%; height: 24px;\">9479864<\/td>\n<td style=\"width: 33.3333%; height: 24px;\">247313500<\/td>\n<\/tr>\n<tr style=\"height: 24px;\">\n<td style=\"width: 33.3333%; height: 24px;\"><a href=\"https:\/\/ship-tracker.org\/de\/costa-favolosa\/\">Costa Favolosa<\/a><\/td>\n<td style=\"width: 33.3333%; height: 24px;\">9479852<\/td>\n<td style=\"width: 33.3333%; height: 24px;\">247311100<\/td>\n<\/tr>\n<tr style=\"height: 24px;\">\n<td style=\"width: 33.3333%; height: 24px;\"><a href=\"https:\/\/ship-tracker.org\/de\/costa-fortuna\/\">Costa Fortuna<\/a><\/td>\n<td style=\"width: 33.3333%; height: 24px;\">9239783<\/td>\n<td style=\"width: 33.3333%; height: 24px;\">247094800<\/td>\n<\/tr>\n<tr style=\"height: 24px;\">\n<td style=\"width: 33.3333%; height: 24px;\"><a href=\"https:\/\/ship-tracker.org\/de\/costa-luminosa\/\">Costa Luminosa<\/a><\/td>\n<td style=\"width: 33.3333%; height: 24px;\">9172777<\/td>\n<td style=\"width: 33.3333%; height: 24px;\">247325300<\/td>\n<\/tr>\n<tr style=\"height: 24px;\">\n<td style=\"width: 33.3333%; height: 24px;\"><a href=\"https:\/\/ship-tracker.org\/de\/costa-magica\/\">Costa Magica<\/a><\/td>\n<td style=\"width: 33.3333%; height: 24px;\">9239795<\/td>\n<td style=\"width: 33.3333%; height: 24px;\">247113300<\/td>\n<\/tr>\n<tr class=\"alt\" style=\"height: 24px;\">\n<td style=\"width: 33.3333%; height: 24px;\"><a href=\"https:\/\/ship-tracker.org\/de\/costa-mediterranea\/\">Costa Mediterranea<\/a><\/td>\n<td style=\"width: 33.3333%; height: 24px;\">9237345<\/td>\n<td style=\"width: 33.3333%; height: 24px;\">247088200<\/td>\n<\/tr>\n<tr style=\"height: 24px;\">\n<td style=\"width: 33.3333%; height: 24px;\"><a href=\"https:\/\/ship-tracker.org\/de\/costa-pacifica\/\">Costa Pacifica<\/a><\/td>\n<td style=\"width: 33.3333%; height: 24px;\">9378498<\/td>\n<td style=\"width: 33.3333%; height: 24px;\">247258100<\/td>\n<\/tr>\n<tr style=\"height: 24px;\">\n<td style=\"width: 33.3333%; height: 24px;\"><a href=\"https:\/\/ship-tracker.org\/de\/costa-serena\/\">Costa Serena<\/a><\/td>\n<td style=\"width: 33.3333%; height: 24px;\">9343132<\/td>\n<td style=\"width: 33.3333%; height: 24px;\">247187600<\/td>\n<\/tr>\n<tr style=\"height: 24px;\">\n<td style=\"width: 33.3333%; height: 24px;\"><a href=\"https:\/\/ship-tracker.org\/de\/costa-smeralda\/\">Costa Smeralda<\/a><\/td>\n<td style=\"width: 33.3333%; height: 24px;\">9781889<\/td>\n<td style=\"width: 33.3333%; height: 24px;\">247391900<\/td>\n<\/tr>\n<tr style=\"height: 24px;\">\n<td style=\"width: 33.3333%; height: 24px;\"><a href=\"https:\/\/ship-tracker.org\/de\/costa-venezia\/\">Costa Venezia<\/a><\/td>\n<td style=\"width: 33.3333%; height: 24px;\">9801689<\/td>\n<td style=\"width: 33.3333%; height: 24px;\">247391100<\/td>\n<\/tr>\n<tr style=\"height: 24px;\">\n<td style=\"width: 33.3333%; height: 24px;\"><a href=\"https:\/\/ship-tracker.org\/de\/costa-firenze\/\">Costa Florenz<\/a><\/td>\n<td style=\"width: 33.3333%; height: 24px;\">9801691<\/td>\n<td style=\"width: 33.3333%; height: 24px;\">247431800<\/td>\n<\/tr>\n<tr style=\"height: 24px;\">\n<td style=\"width: 33.3333%; height: 24px;\"><a href=\"https:\/\/ship-tracker.org\/de\/costa-toscana\/\">Costa Toscana<\/a><\/td>\n<td style=\"width: 33.3333%; height: 24px;\">9781891<\/td>\n<td style=\"width: 33.3333%; height: 24px;\">247431200<\/td>\n<\/tr>\n<\/tbody>\n<\/table>\n<h2>\u00dcber Costa Kreuzfahrten<\/h2>\n<p>Costa Crociere ist das gr\u00f6\u00dfte Kreuzfahrtunternehmen Europas und bietet eine gro\u00dfe Auswahl an Kreuzfahrten und eine Vielzahl unterschiedlicher Programme an. Jedes Boot vereint Komfort, Spa\u00df und Vergn\u00fcgen auf unverkennbar italienische Art. Vom Moment Ihrer Einschiffung an werden Sie feststellen, dass eine Kreuzfahrt mit Costa Crociere unvergesslich sein wird.<\/p>\n<p>Jede Costa-Kreuzfahrt bietet so viele verschiedene Inhalte und Freuden. Dazu m\u00fcssen Sie nicht einmal das Schiff verlassen, denn auch an Bord finden Sie verschiedene Aktivit\u00e4ten f\u00fcr jede Stimmung und jeden Geschmack. Die modernen Schiffe von Costa sind mit allem ausgestattet, was Sie f\u00fcr einen All-Inclusive-Urlaub ben\u00f6tigen. Bei all den Aktivit\u00e4ten, die den unterschiedlichen Geschm\u00e4ckern und Lebensstilen entsprechen, k\u00f6nnen wir nicht von einem typischen Kreuzfahrtschiff sprechen. Unser freundliches und qualifiziertes Agenturpersonal hilft Ihnen jederzeit bei der Auswahl einer Kreuzfahrt.<\/p>\n<p>Segeln Sie zu Ihrer Traumreise! Die gr\u00f6\u00dfte Auswahl an Einzel- und Gruppenkreuzfahrten zu Luxusschiffen in Europa, dem Mittelmeer, Asien, der Karibik und Alaska verw\u00f6hnt Sie mit Komfort und Glamour sowie einer Vielzahl an Aktivit\u00e4ten. Eine Kreuzfahrt mit Costa Kreuzfahrten beinhaltet alle Mahlzeiten, Bootsaktivit\u00e4ten, Unterhaltung und Kreuzfahrten zwischen den Zielen. Solche Kreuzfahrten sind eine sehr angenehme Art zu reisen, da man nicht dar\u00fcber nachdenken muss, ob man den n\u00e4chsten Flug zum n\u00e4chsten Ziel erwischen kann. Sie werden feststellen, dass unsere Schiffe schwimmende Resorts sind, die h\u00f6chsten Komfort und alle Aktivit\u00e4ten bieten, die Sie sich vorstellen k\u00f6nnen. Kein Wunder also, dass immer mehr Menschen Kreuzfahrten f\u00fcr ihren Urlaub w\u00e4hlen.<\/p>\n<p>Dar\u00fcber hinaus haben unsere Kreuzfahrten im Vergleich zu allen anderen Reisearten den h\u00f6chsten Anteil zufriedener Passagiere. Reisen Sie mit Costa Crociere vom sonnigen Osten in den sonnigen Westen und erkunden Sie viele verschiedene Reiseziele. Oder entspannen Sie einfach auf einem der Bootsdecks und genie\u00dfen Sie die Sonne und den Duft des Meeres. Eines ist sicher: Mit Costa Crociere wird es Ihnen nie langweilig. Reisende entdecken mehr denn je die Vorteile und Freuden einer Kreuzfahrt mit dem besten Preis-Leistungs-Verh\u00e4ltnis.<\/p>","protected":false},"excerpt":{"rendered":"<p>Standort der Flotte von Costa Cruises: Schiffe, IMO-Nummern, MMSI, Webcams. Wo befindet sich derzeit die Flotte von Costa Cruises? Schiff IMO MMSI Costa Deliziosa 9398917 247282900 Costa Diadema 9636888 247353700 Costa Fascinosa 9479864 247313500 Costa Favolosa 9479852 247311100 Costa Fortuna 9239783 247094800 Costa Luminosa 9172777 247325300 Costa Magica 9239795 247113300 Costa Mediterranea 9237345 247088200 Costa Pacifica\u2026&nbsp;<a href=\"https:\/\/ship-tracker.org\/de\/costa-cruises\/\" rel=\"bookmark\">Weiterlesen \u00bb<span class=\"screen-reader-text\">Costa Kreuzfahrten<\/span><\/a><\/p>","protected":false},"author":1,"featured_media":2083,"parent":0,"menu_order":0,"comment_status":"closed","ping_status":"closed","template":"","meta":{"neve_meta_sidebar":"","neve_meta_container":"","neve_meta_enable_content_width":"","neve_meta_content_width":0,"neve_meta_title_alignment":"","neve_meta_author_avatar":"","neve_post_elements_order":"","neve_meta_disable_header":"","neve_meta_disable_footer":"","neve_meta_disable_title":"","neve_meta_reading_time":"","footnotes":""},"class_list":["post-2081","page","type-page","status-publish","has-post-thumbnail","hentry"],"yoast_head":"<!-- This site is optimized with the Yoast SEO plugin v26.9 - https:\/\/yoast.com\/product\/yoast-seo-wordpress\/ -->\n<title>Track Costa Cruises Fleet | Cruise Ships | Marine Vessel<\/title>\n<meta name=\"description\" content=\"Costa Cruises Fleet Location | Current Positions of Costa Cruises Ships, IMO numbers, MMSI, Webcam | Live Fleet Maps | Live Ship Tracker\" \/>\n<meta name=\"robots\" content=\"index, follow, max-snippet:-1, max-image-preview:large, max-video-preview:-1\" \/>\n<link rel=\"canonical\" href=\"https:\/\/ship-tracker.org\/de\/costa-cruises\/\" \/>\n<meta property=\"og:locale\" content=\"de_DE\" \/>\n<meta property=\"og:type\" content=\"article\" \/>\n<meta property=\"og:title\" content=\"Track Costa Cruises Fleet | Cruise Ships | Marine Vessel\" \/>\n<meta property=\"og:description\" content=\"Costa Cruises Fleet Location | Current Positions of Costa Cruises Ships, IMO numbers, MMSI, Webcam | Live Fleet Maps | Live Ship Tracker\" \/>\n<meta property=\"og:url\" content=\"https:\/\/ship-tracker.org\/de\/costa-cruises\/\" \/>\n<meta property=\"og:site_name\" content=\"Ship-tracker.org\" \/>\n<meta property=\"article:modified_time\" content=\"2022-10-27T14:00:06+00:00\" \/>\n<meta property=\"og:image\" content=\"https:\/\/ship-tracker.org\/wp-content\/uploads\/2020\/04\/Costa_Logo4c_Positiv-1080x675-1.jpg\" \/>\n\t<meta property=\"og:image:width\" content=\"1080\" \/>\n\t<meta property=\"og:image:height\" content=\"675\" \/>\n\t<meta property=\"og:image:type\" content=\"image\/jpeg\" \/>\n<meta name=\"twitter:card\" content=\"summary_large_image\" \/>\n<meta name=\"twitter:label1\" content=\"Gesch\u00e4tzte Lesezeit\" \/>\n\t<meta name=\"twitter:data1\" content=\"2\u00a0Minuten\" \/>\n<script type=\"application\/ld+json\" class=\"yoast-schema-graph\">{\"@context\":\"https:\/\/schema.org\",\"@graph\":[{\"@type\":\"WebPage\",\"@id\":\"https:\/\/ship-tracker.org\/costa-cruises\/\",\"url\":\"https:\/\/ship-tracker.org\/costa-cruises\/\",\"name\":\"Track Costa Cruises Fleet | Cruise Ships | Marine Vessel\",\"isPartOf\":{\"@id\":\"https:\/\/ship-tracker.org\/#website\"},\"primaryImageOfPage\":{\"@id\":\"https:\/\/ship-tracker.org\/costa-cruises\/#primaryimage\"},\"image\":{\"@id\":\"https:\/\/ship-tracker.org\/costa-cruises\/#primaryimage\"},\"thumbnailUrl\":\"https:\/\/ship-tracker.org\/wp-content\/uploads\/2020\/04\/Costa_Logo4c_Positiv-1080x675-1.jpg\",\"datePublished\":\"2020-04-29T12:37:25+00:00\",\"dateModified\":\"2022-10-27T14:00:06+00:00\",\"description\":\"Costa Cruises Fleet Location | Current Positions of Costa Cruises Ships, IMO numbers, MMSI, Webcam | Live Fleet Maps | Live Ship Tracker\",\"breadcrumb\":{\"@id\":\"https:\/\/ship-tracker.org\/costa-cruises\/#breadcrumb\"},\"inLanguage\":\"de\",\"potentialAction\":[{\"@type\":\"ReadAction\",\"target\":[\"https:\/\/ship-tracker.org\/costa-cruises\/\"]}]},{\"@type\":\"ImageObject\",\"inLanguage\":\"de\",\"@id\":\"https:\/\/ship-tracker.org\/costa-cruises\/#primaryimage\",\"url\":\"https:\/\/ship-tracker.org\/wp-content\/uploads\/2020\/04\/Costa_Logo4c_Positiv-1080x675-1.jpg\",\"contentUrl\":\"https:\/\/ship-tracker.org\/wp-content\/uploads\/2020\/04\/Costa_Logo4c_Positiv-1080x675-1.jpg\",\"width\":1080,\"height\":675,\"caption\":\"Costa Cruises\"},{\"@type\":\"BreadcrumbList\",\"@id\":\"https:\/\/ship-tracker.org\/costa-cruises\/#breadcrumb\",\"itemListElement\":[{\"@type\":\"ListItem\",\"position\":1,\"name\":\"Startseite\",\"item\":\"https:\/\/ship-tracker.org\/\"},{\"@type\":\"ListItem\",\"position\":2,\"name\":\"Costa Cruises\"}]},{\"@type\":\"WebSite\",\"@id\":\"https:\/\/ship-tracker.org\/#website\",\"url\":\"https:\/\/ship-tracker.org\/\",\"name\":\"Ship-tracker.org\",\"description\":\"\",\"potentialAction\":[{\"@type\":\"SearchAction\",\"target\":{\"@type\":\"EntryPoint\",\"urlTemplate\":\"https:\/\/ship-tracker.org\/?s={search_term_string}\"},\"query-input\":{\"@type\":\"PropertyValueSpecification\",\"valueRequired\":true,\"valueName\":\"search_term_string\"}}],\"inLanguage\":\"de\"}]}<\/script>\n<!-- \/ Yoast SEO plugin. -->","yoast_head_json":{"title":"Verfolgen Sie die Flotte von Costa Kreuzfahrten | Kreuzfahrtschiffe | Marineschiff","description":"Standort der Costa Kreuzfahrtflotte | Aktuelle Positionen der Schiffe von Costa Kreuzfahrten, IMO-Nummern, MMSI, Webcam | Live-Flottenkarten | Live-Schiffsverfolger","robots":{"index":"index","follow":"follow","max-snippet":"max-snippet:-1","max-image-preview":"max-image-preview:large","max-video-preview":"max-video-preview:-1"},"canonical":"https:\/\/ship-tracker.org\/de\/costa-cruises\/","og_locale":"de_DE","og_type":"article","og_title":"Track Costa Cruises Fleet | Cruise Ships | Marine Vessel","og_description":"Costa Cruises Fleet Location | Current Positions of Costa Cruises Ships, IMO numbers, MMSI, Webcam | Live Fleet Maps | Live Ship Tracker","og_url":"https:\/\/ship-tracker.org\/de\/costa-cruises\/","og_site_name":"Ship-tracker.org","article_modified_time":"2022-10-27T14:00:06+00:00","og_image":[{"width":1080,"height":675,"url":"https:\/\/ship-tracker.org\/wp-content\/uploads\/2020\/04\/Costa_Logo4c_Positiv-1080x675-1.jpg","type":"image\/jpeg"}],"twitter_card":"summary_large_image","twitter_misc":{"Gesch\u00e4tzte Lesezeit":"2\u00a0Minuten"},"schema":{"@context":"https:\/\/schema.org","@graph":[{"@type":"WebPage","@id":"https:\/\/ship-tracker.org\/costa-cruises\/","url":"https:\/\/ship-tracker.org\/costa-cruises\/","name":"Verfolgen Sie die Flotte von Costa Kreuzfahrten | Kreuzfahrtschiffe | Marineschiff","isPartOf":{"@id":"https:\/\/ship-tracker.org\/#website"},"primaryImageOfPage":{"@id":"https:\/\/ship-tracker.org\/costa-cruises\/#primaryimage"},"image":{"@id":"https:\/\/ship-tracker.org\/costa-cruises\/#primaryimage"},"thumbnailUrl":"https:\/\/ship-tracker.org\/wp-content\/uploads\/2020\/04\/Costa_Logo4c_Positiv-1080x675-1.jpg","datePublished":"2020-04-29T12:37:25+00:00","dateModified":"2022-10-27T14:00:06+00:00","description":"Standort der Costa Kreuzfahrtflotte | Aktuelle Positionen der Schiffe von Costa Kreuzfahrten, IMO-Nummern, MMSI, Webcam | Live-Flottenkarten | Live-Schiffsverfolger","breadcrumb":{"@id":"https:\/\/ship-tracker.org\/costa-cruises\/#breadcrumb"},"inLanguage":"de","potentialAction":[{"@type":"ReadAction","target":["https:\/\/ship-tracker.org\/costa-cruises\/"]}]},{"@type":"ImageObject","inLanguage":"de","@id":"https:\/\/ship-tracker.org\/costa-cruises\/#primaryimage","url":"https:\/\/ship-tracker.org\/wp-content\/uploads\/2020\/04\/Costa_Logo4c_Positiv-1080x675-1.jpg","contentUrl":"https:\/\/ship-tracker.org\/wp-content\/uploads\/2020\/04\/Costa_Logo4c_Positiv-1080x675-1.jpg","width":1080,"height":675,"caption":"Costa Cruises"},{"@type":"BreadcrumbList","@id":"https:\/\/ship-tracker.org\/costa-cruises\/#breadcrumb","itemListElement":[{"@type":"ListItem","position":1,"name":"Startseite","item":"https:\/\/ship-tracker.org\/"},{"@type":"ListItem","position":2,"name":"Costa Cruises"}]},{"@type":"WebSite","@id":"https:\/\/ship-tracker.org\/#website","url":"https:\/\/ship-tracker.org\/","name":"Ship-tracker.org","description":"","potentialAction":[{"@type":"SearchAction","target":{"@type":"EntryPoint","urlTemplate":"https:\/\/ship-tracker.org\/?s={search_term_string}"},"query-input":{"@type":"PropertyValueSpecification","valueRequired":true,"valueName":"search_term_string"}}],"inLanguage":"de"}]}},"_links":{"self":[{"href":"https:\/\/ship-tracker.org\/de\/wp-json\/wp\/v2\/pages\/2081","targetHints":{"allow":["GET"]}}],"collection":[{"href":"https:\/\/ship-tracker.org\/de\/wp-json\/wp\/v2\/pages"}],"about":[{"href":"https:\/\/ship-tracker.org\/de\/wp-json\/wp\/v2\/types\/page"}],"author":[{"embeddable":true,"href":"https:\/\/ship-tracker.org\/de\/wp-json\/wp\/v2\/users\/1"}],"replies":[{"embeddable":true,"href":"https:\/\/ship-tracker.org\/de\/wp-json\/wp\/v2\/comments?post=2081"}],"version-history":[{"count":6,"href":"https:\/\/ship-tracker.org\/de\/wp-json\/wp\/v2\/pages\/2081\/revisions"}],"predecessor-version":[{"id":3488,"href":"https:\/\/ship-tracker.org\/de\/wp-json\/wp\/v2\/pages\/2081\/revisions\/3488"}],"wp:featuredmedia":[{"embeddable":true,"href":"https:\/\/ship-tracker.org\/de\/wp-json\/wp\/v2\/media\/2083"}],"wp:attachment":[{"href":"https:\/\/ship-tracker.org\/de\/wp-json\/wp\/v2\/media?parent=2081"}],"curies":[{"name":"wp","href":"https:\/\/api.w.org\/{rel}","templated":true}]}}