{"id":2075,"date":"2020-04-29T14:36:23","date_gmt":"2020-04-29T12:36:23","guid":{"rendered":"https:\/\/ship-tracker.org\/?page_id=2075"},"modified":"2021-11-08T21:44:48","modified_gmt":"2021-11-08T20:44:48","slug":"princes-cruises","status":"publish","type":"page","link":"https:\/\/ship-tracker.org\/de\/princes-cruises\/","title":{"rendered":"Prinzenkreuzfahrten"},"content":{"rendered":"<h2>Standort der Flotte von Princes Cruises: Schiffe, IMO-Nummern, MMSI, Webcams<\/h2>\n<p>Wo ist die aktuelle Position der Flotte von Princes Cruises?<\/p>\n<table style=\"border-collapse: collapse; width: 100%; height: 480px;\">\n<tbody>\n<tr style=\"height: 24px;\">\n<td style=\"width: 33.3333%; height: 24px;\"><span style=\"color: #1f405b;\"><strong>Schiff<\/strong><\/span><\/td>\n<td style=\"width: 33.3333%; height: 24px;\"><span style=\"color: #1f405b;\"><strong>Meiner Meinung nach<\/strong><\/span><\/td>\n<td style=\"width: 33.3333%; height: 24px;\"><span style=\"color: #1f405b;\"><strong>MMSI<\/strong><\/span><\/td>\n<\/tr>\n<tr style=\"height: 24px;\">\n<td style=\"width: 33.3333%; height: 24px;\"><a href=\"https:\/\/ship-tracker.org\/de\/majestic-princess\/\">Majest\u00e4tische Prinzessin<\/a><\/td>\n<td style=\"width: 33.3333%; height: 24px;\">9614141<\/td>\n<td style=\"width: 33.3333%; height: 24px;\">232002990<\/td>\n<\/tr>\n<tr style=\"height: 24px;\">\n<td style=\"width: 33.3333%; height: 24px;\"><a href=\"https:\/\/ship-tracker.org\/de\/regal-princess\/\">K\u00f6nigliche Prinzessin<\/a><\/td>\n<td style=\"width: 33.3333%; height: 24px;\">9584724<\/td>\n<td style=\"width: 33.3333%; height: 24px;\">310674000<\/td>\n<\/tr>\n<tr style=\"height: 24px;\">\n<td style=\"width: 33.3333%; height: 24px;\"><a href=\"https:\/\/ship-tracker.org\/de\/royal-princess\/\">K\u00f6nigliche Prinzessin<\/a><\/td>\n<td style=\"width: 33.3333%; height: 24px;\">9584712<\/td>\n<td style=\"width: 33.3333%; height: 24px;\">310661000<\/td>\n<\/tr>\n<tr style=\"height: 24px;\">\n<td style=\"width: 33.3333%; height: 24px;\"><a href=\"https:\/\/ship-tracker.org\/de\/ruby-princess\/\">Rubinprinzessin<\/a><\/td>\n<td style=\"width: 33.3333%; height: 24px;\">9378462<\/td>\n<td style=\"width: 33.3333%; height: 24px;\">310567000<\/td>\n<\/tr>\n<tr style=\"height: 24px;\">\n<td style=\"width: 33.3333%; height: 24px;\"><a href=\"https:\/\/ship-tracker.org\/de\/emerald-princess\/\">Smaragdprinzessin<\/a><\/td>\n<td style=\"width: 33.3333%; height: 24px;\">9333151<\/td>\n<td style=\"width: 33.3333%; height: 24px;\">310531000<\/td>\n<\/tr>\n<tr style=\"height: 24px;\">\n<td style=\"width: 33.3333%; height: 24px;\"><a href=\"https:\/\/ship-tracker.org\/de\/crown-princess\/\">Kronprinzessin<\/a><\/td>\n<td style=\"width: 33.3333%; height: 24px;\">9293399<\/td>\n<td style=\"width: 33.3333%; height: 24px;\">310500000<\/td>\n<\/tr>\n<tr style=\"height: 24px;\">\n<td style=\"width: 33.3333%; height: 24px;\"><a href=\"https:\/\/ship-tracker.org\/de\/island-princess\/\">Inselprinzessin<\/a><\/td>\n<td style=\"width: 33.3333%; height: 24px;\">9230402<\/td>\n<td style=\"width: 33.3333%; height: 24px;\">310384000<\/td>\n<\/tr>\n<tr style=\"height: 24px;\">\n<td style=\"width: 33.3333%; height: 24px;\"><a href=\"https:\/\/ship-tracker.org\/de\/coral-princess\/\">Korallenprinzessin<\/a><\/td>\n<td style=\"width: 33.3333%; height: 24px;\">9229659<\/td>\n<td style=\"width: 33.3333%; height: 24px;\">310376000<\/td>\n<\/tr>\n<tr class=\"alt\" style=\"height: 24px;\">\n<td style=\"width: 33.3333%; height: 24px;\"><a href=\"https:\/\/ship-tracker.org\/de\/diamond-princess\/\">Diamantprinzessin<\/a><\/td>\n<td style=\"width: 33.3333%; height: 24px;\">9228198<\/td>\n<td style=\"width: 33.3333%; height: 24px;\">235103359<\/td>\n<\/tr>\n<tr style=\"height: 24px;\">\n<td style=\"width: 33.3333%; height: 24px;\"><a href=\"https:\/\/ship-tracker.org\/de\/sapphire-princess\/\">Saphirprinzessin<\/a><\/td>\n<td style=\"width: 33.3333%; height: 24px;\">9228186<\/td>\n<td style=\"width: 33.3333%; height: 24px;\">235103357<\/td>\n<\/tr>\n<tr style=\"height: 24px;\">\n<td style=\"width: 33.3333%; height: 24px;\"><a href=\"https:\/\/ship-tracker.org\/de\/caribbean-princess\/\">Karibische Prinzessin<\/a><\/td>\n<td style=\"width: 33.3333%; height: 24px;\">9215490<\/td>\n<td style=\"width: 33.3333%; height: 24px;\">310423000<\/td>\n<\/tr>\n<tr style=\"height: 24px;\">\n<td style=\"width: 33.3333%; height: 24px;\"><a href=\"https:\/\/ship-tracker.org\/de\/star-princess\/\">Sternenprinzessin<\/a><\/td>\n<td style=\"width: 33.3333%; height: 24px;\">9192363<\/td>\n<td style=\"width: 33.3333%; height: 24px;\">310361000<\/td>\n<\/tr>\n<tr style=\"height: 24px;\">\n<td style=\"width: 33.3333%; height: 24px;\"><a href=\"https:\/\/ship-tracker.org\/de\/golden-princess\/\">Goldene Prinzessin<\/a><\/td>\n<td style=\"width: 33.3333%; height: 24px;\">9192351<\/td>\n<td style=\"width: 33.3333%; height: 24px;\">235113472<\/td>\n<\/tr>\n<tr style=\"height: 24px;\">\n<td style=\"width: 33.3333%; height: 24px;\"><a href=\"https:\/\/ship-tracker.org\/de\/pacific-princess\/\">Pazifische Prinzessin<\/a><\/td>\n<td style=\"width: 33.3333%; height: 24px;\">9187887<\/td>\n<td style=\"width: 33.3333%; height: 24px;\">310504000<\/td>\n<\/tr>\n<tr style=\"height: 24px;\">\n<td style=\"width: 33.3333%; height: 24px;\"><a href=\"https:\/\/ship-tracker.org\/de\/sea-princess\/\">Meeresprinzessin<\/a><\/td>\n<td style=\"width: 33.3333%; height: 24px;\">9150913<\/td>\n<td style=\"width: 33.3333%; height: 24px;\">310465000<\/td>\n<\/tr>\n<tr style=\"height: 24px;\">\n<td style=\"width: 33.3333%; height: 24px;\"><a href=\"https:\/\/ship-tracker.org\/de\/grand-princess\/\">Gro\u00dfe Prinzessin<\/a><\/td>\n<td style=\"width: 33.3333%; height: 24px;\">9104005<\/td>\n<td style=\"width: 33.3333%; height: 24px;\">310327000<\/td>\n<\/tr>\n<tr style=\"height: 24px;\">\n<td style=\"width: 33.3333%; height: 24px;\"><a href=\"https:\/\/ship-tracker.org\/de\/sun-princess\/\">Sonnenprinzessin<\/a><\/td>\n<td style=\"width: 33.3333%; height: 24px;\">9000259<\/td>\n<td style=\"width: 33.3333%; height: 24px;\">310438000<\/td>\n<\/tr>\n<tr style=\"height: 24px;\">\n<td style=\"width: 33.3333%; height: 24px;\"><a href=\"https:\/\/ship-tracker.org\/de\/sky-princess\/\">Himmelsprinzessin<\/a><\/td>\n<td style=\"width: 33.3333%; height: 24px;\">9802396<\/td>\n<td style=\"width: 33.3333%; height: 24px;\">310780000<\/td>\n<\/tr>\n<tr style=\"height: 24px;\">\n<td style=\"width: 33.3333%; height: 24px;\"><a href=\"https:\/\/ship-tracker.org\/de\/enchanted-princess\/\">Verzauberte Prinzessin<\/a><\/td>\n<td style=\"width: 33.3333%; height: 24px;\">9807126<\/td>\n<td style=\"width: 33.3333%; height: 24px;\">247431900<\/td>\n<\/tr>\n<\/tbody>\n<\/table>\n<h2>\u00dcber Princes Cruises<\/h2>\n<p>Princess Cruises bietet Kreuzfahrten auf allen Weltmeeren mit 18 First-Class-Schiffen (darunter die neue Sky Princess) an. Die letzten 2 Millionen Passagiere genie\u00dfen h\u00f6chsten Komfort und eine au\u00dfergew\u00f6hnliche Atmosph\u00e4re an Bord. Die Princess-Flotte besteht aus modernen Schiffen mit einer Kapazit\u00e4t zwischen 680 und 3.660 G\u00e4sten und l\u00e4uft auf mehr als 170 verschiedenen Routen 380 H\u00e4fen auf sieben Kontinenten an.<\/p>\n<p>Die Jungfernfahrt der Sky Princess ist f\u00fcr Oktober 2019 geplant. Die neuen Sky Suiten bieten die gr\u00f6\u00dften Balkone auf See. Im Juni 2020 und 2022 folgen mit der Enchanted Princess und einem noch namenlosen Schiff die letzten beiden Neubauten der Royal-Klasse.<\/p>\n<p>Dar\u00fcber hinaus bestehen Vertr\u00e4ge \u00fcber zwei Einheiten auf Basis einer neuen Plattform, die Platz f\u00fcr rund 4.300 Passagiere bieten und mit Fl\u00fcssigerdgas (LNG)-Motoren ausgestattet sind. Die Inbetriebnahme ist f\u00fcr 2023 bzw. 2025 geplant. Damit erweitert Princess Cruises seine Flotte innerhalb von nur sechs Jahren um f\u00fcnf neue Schiffe.<\/p>","protected":false},"excerpt":{"rendered":"<p>Standort der Flotte von Princes Cruises Schiffe, IMO-Nummern, MMSI, Webcams Wo befindet sich die Flotte von Princes Cruises derzeit? Schiff IMO MMSI Majestic Princess 9614141 232002990 Regal Princess 9584724 310674000 Royal Princess 9584712 310661000 Ruby Princess 9378462 310567000 Emerald Princess 9333151 310531000 Crown Princess 9293399 310500000 Island Princess 9230402 310384000 Coral Princess 9229659 310376000 Diamond\u2026&nbsp;<a href=\"https:\/\/ship-tracker.org\/de\/princes-cruises\/\" rel=\"bookmark\">Weiterlesen \u00bb<span class=\"screen-reader-text\">Prinzenkreuzfahrten<\/span><\/a><\/p>","protected":false},"author":1,"featured_media":2076,"parent":0,"menu_order":0,"comment_status":"closed","ping_status":"closed","template":"","meta":{"neve_meta_sidebar":"","neve_meta_container":"","neve_meta_enable_content_width":"","neve_meta_content_width":0,"neve_meta_title_alignment":"","neve_meta_author_avatar":"","neve_post_elements_order":"","neve_meta_disable_header":"","neve_meta_disable_footer":"","neve_meta_disable_title":"","neve_meta_reading_time":"","footnotes":""},"class_list":["post-2075","page","type-page","status-publish","has-post-thumbnail","hentry"],"yoast_head":"<!-- This site is optimized with the Yoast SEO plugin v27.4 - https:\/\/yoast.com\/product\/yoast-seo-wordpress\/ -->\n<title>Track Princes Cruises Fleet | Cruise Ships | Marine Vessel<\/title>\n<meta name=\"description\" content=\"Princes Cruises Fleet Location | Current Positions of Princes Cruises Ships, IMO numbers, MMSI, Webcam | Live Fleet Maps | Live Ship Tracker\" \/>\n<meta name=\"robots\" content=\"index, follow, max-snippet:-1, max-image-preview:large, max-video-preview:-1\" \/>\n<link rel=\"canonical\" href=\"https:\/\/ship-tracker.org\/de\/princes-cruises\/\" \/>\n<meta property=\"og:locale\" content=\"de_DE\" \/>\n<meta property=\"og:type\" content=\"article\" \/>\n<meta property=\"og:title\" content=\"Track Princes Cruises Fleet | Cruise Ships | Marine Vessel\" \/>\n<meta property=\"og:description\" content=\"Princes Cruises Fleet Location | Current Positions of Princes Cruises Ships, IMO numbers, MMSI, Webcam | Live Fleet Maps | Live Ship Tracker\" \/>\n<meta property=\"og:url\" content=\"https:\/\/ship-tracker.org\/de\/princes-cruises\/\" \/>\n<meta property=\"og:site_name\" content=\"Ship-tracker.org\" \/>\n<meta property=\"article:modified_time\" content=\"2021-11-08T20:44:48+00:00\" \/>\n<meta property=\"og:image\" content=\"https:\/\/ship-tracker.org\/wp-content\/uploads\/2020\/04\/cache_35623044.jpg\" \/>\n\t<meta property=\"og:image:width\" content=\"345\" \/>\n\t<meta property=\"og:image:height\" content=\"258\" \/>\n\t<meta property=\"og:image:type\" content=\"image\/jpeg\" \/>\n<meta name=\"twitter:card\" content=\"summary_large_image\" \/>\n<meta name=\"twitter:label1\" content=\"Gesch\u00e4tzte Lesezeit\" \/>\n\t<meta name=\"twitter:data1\" content=\"1\u00a0Minute\" \/>\n<script type=\"application\/ld+json\" class=\"yoast-schema-graph\">{\"@context\":\"https:\\\/\\\/schema.org\",\"@graph\":[{\"@type\":\"WebPage\",\"@id\":\"https:\\\/\\\/ship-tracker.org\\\/pt\\\/princes-cruises\\\/\",\"url\":\"https:\\\/\\\/ship-tracker.org\\\/pt\\\/princes-cruises\\\/\",\"name\":\"Track Princes Cruises Fleet | Cruise Ships | Marine Vessel\",\"isPartOf\":{\"@id\":\"https:\\\/\\\/ship-tracker.org\\\/#website\"},\"primaryImageOfPage\":{\"@id\":\"https:\\\/\\\/ship-tracker.org\\\/pt\\\/princes-cruises\\\/#primaryimage\"},\"image\":{\"@id\":\"https:\\\/\\\/ship-tracker.org\\\/pt\\\/princes-cruises\\\/#primaryimage\"},\"thumbnailUrl\":\"https:\\\/\\\/ship-tracker.org\\\/wp-content\\\/uploads\\\/2020\\\/04\\\/cache_35623044.jpg\",\"datePublished\":\"2020-04-29T12:36:23+00:00\",\"dateModified\":\"2021-11-08T20:44:48+00:00\",\"description\":\"Princes Cruises Fleet Location | Current Positions of Princes Cruises Ships, IMO numbers, MMSI, Webcam | Live Fleet Maps | Live Ship Tracker\",\"breadcrumb\":{\"@id\":\"https:\\\/\\\/ship-tracker.org\\\/pt\\\/princes-cruises\\\/#breadcrumb\"},\"inLanguage\":\"de\",\"potentialAction\":[{\"@type\":\"ReadAction\",\"target\":[\"https:\\\/\\\/ship-tracker.org\\\/pt\\\/princes-cruises\\\/\"]}]},{\"@type\":\"ImageObject\",\"inLanguage\":\"de\",\"@id\":\"https:\\\/\\\/ship-tracker.org\\\/pt\\\/princes-cruises\\\/#primaryimage\",\"url\":\"https:\\\/\\\/ship-tracker.org\\\/wp-content\\\/uploads\\\/2020\\\/04\\\/cache_35623044.jpg\",\"contentUrl\":\"https:\\\/\\\/ship-tracker.org\\\/wp-content\\\/uploads\\\/2020\\\/04\\\/cache_35623044.jpg\",\"width\":345,\"height\":258,\"caption\":\"Princes Cruises\"},{\"@type\":\"BreadcrumbList\",\"@id\":\"https:\\\/\\\/ship-tracker.org\\\/pt\\\/princes-cruises\\\/#breadcrumb\",\"itemListElement\":[{\"@type\":\"ListItem\",\"position\":1,\"name\":\"Startseite\",\"item\":\"https:\\\/\\\/ship-tracker.org\\\/\"},{\"@type\":\"ListItem\",\"position\":2,\"name\":\"Princes Cruises\"}]},{\"@type\":\"WebSite\",\"@id\":\"https:\\\/\\\/ship-tracker.org\\\/#website\",\"url\":\"https:\\\/\\\/ship-tracker.org\\\/\",\"name\":\"Ship-tracker.org\",\"description\":\"\",\"potentialAction\":[{\"@type\":\"SearchAction\",\"target\":{\"@type\":\"EntryPoint\",\"urlTemplate\":\"https:\\\/\\\/ship-tracker.org\\\/?s={search_term_string}\"},\"query-input\":{\"@type\":\"PropertyValueSpecification\",\"valueRequired\":true,\"valueName\":\"search_term_string\"}}],\"inLanguage\":\"de\"}]}<\/script>\n<!-- \/ Yoast SEO plugin. -->","yoast_head_json":{"title":"Verfolgen Sie die Flotte von Princes Cruises | Kreuzfahrtschiffe | Marineschiff","description":"Standort der Princes Cruises-Flotte | Aktuelle Positionen der Schiffe von Princes Cruises, IMO-Nummern, MMSI, Webcam | Live-Flottenkarten | Live-Schiffsverfolger","robots":{"index":"index","follow":"follow","max-snippet":"max-snippet:-1","max-image-preview":"max-image-preview:large","max-video-preview":"max-video-preview:-1"},"canonical":"https:\/\/ship-tracker.org\/de\/princes-cruises\/","og_locale":"de_DE","og_type":"article","og_title":"Track Princes Cruises Fleet | Cruise Ships | Marine Vessel","og_description":"Princes Cruises Fleet Location | Current Positions of Princes Cruises Ships, IMO numbers, MMSI, Webcam | Live Fleet Maps | Live Ship Tracker","og_url":"https:\/\/ship-tracker.org\/de\/princes-cruises\/","og_site_name":"Ship-tracker.org","article_modified_time":"2021-11-08T20:44:48+00:00","og_image":[{"width":345,"height":258,"url":"https:\/\/ship-tracker.org\/wp-content\/uploads\/2020\/04\/cache_35623044.jpg","type":"image\/jpeg"}],"twitter_card":"summary_large_image","twitter_misc":{"Gesch\u00e4tzte Lesezeit":"1\u00a0Minute"},"schema":{"@context":"https:\/\/schema.org","@graph":[{"@type":"WebPage","@id":"https:\/\/ship-tracker.org\/pt\/princes-cruises\/","url":"https:\/\/ship-tracker.org\/pt\/princes-cruises\/","name":"Verfolgen Sie die Flotte von Princes Cruises | Kreuzfahrtschiffe | Marineschiff","isPartOf":{"@id":"https:\/\/ship-tracker.org\/#website"},"primaryImageOfPage":{"@id":"https:\/\/ship-tracker.org\/pt\/princes-cruises\/#primaryimage"},"image":{"@id":"https:\/\/ship-tracker.org\/pt\/princes-cruises\/#primaryimage"},"thumbnailUrl":"https:\/\/ship-tracker.org\/wp-content\/uploads\/2020\/04\/cache_35623044.jpg","datePublished":"2020-04-29T12:36:23+00:00","dateModified":"2021-11-08T20:44:48+00:00","description":"Standort der Princes Cruises-Flotte | Aktuelle Positionen der Schiffe von Princes Cruises, IMO-Nummern, MMSI, Webcam | Live-Flottenkarten | Live-Schiffsverfolger","breadcrumb":{"@id":"https:\/\/ship-tracker.org\/pt\/princes-cruises\/#breadcrumb"},"inLanguage":"de","potentialAction":[{"@type":"ReadAction","target":["https:\/\/ship-tracker.org\/pt\/princes-cruises\/"]}]},{"@type":"ImageObject","inLanguage":"de","@id":"https:\/\/ship-tracker.org\/pt\/princes-cruises\/#primaryimage","url":"https:\/\/ship-tracker.org\/wp-content\/uploads\/2020\/04\/cache_35623044.jpg","contentUrl":"https:\/\/ship-tracker.org\/wp-content\/uploads\/2020\/04\/cache_35623044.jpg","width":345,"height":258,"caption":"Princes Cruises"},{"@type":"BreadcrumbList","@id":"https:\/\/ship-tracker.org\/pt\/princes-cruises\/#breadcrumb","itemListElement":[{"@type":"ListItem","position":1,"name":"Startseite","item":"https:\/\/ship-tracker.org\/"},{"@type":"ListItem","position":2,"name":"Princes Cruises"}]},{"@type":"WebSite","@id":"https:\/\/ship-tracker.org\/#website","url":"https:\/\/ship-tracker.org\/","name":"Ship-tracker.org","description":"","potentialAction":[{"@type":"SearchAction","target":{"@type":"EntryPoint","urlTemplate":"https:\/\/ship-tracker.org\/?s={search_term_string}"},"query-input":{"@type":"PropertyValueSpecification","valueRequired":true,"valueName":"search_term_string"}}],"inLanguage":"de"}]}},"_links":{"self":[{"href":"https:\/\/ship-tracker.org\/de\/wp-json\/wp\/v2\/pages\/2075","targetHints":{"allow":["GET"]}}],"collection":[{"href":"https:\/\/ship-tracker.org\/de\/wp-json\/wp\/v2\/pages"}],"about":[{"href":"https:\/\/ship-tracker.org\/de\/wp-json\/wp\/v2\/types\/page"}],"author":[{"embeddable":true,"href":"https:\/\/ship-tracker.org\/de\/wp-json\/wp\/v2\/users\/1"}],"replies":[{"embeddable":true,"href":"https:\/\/ship-tracker.org\/de\/wp-json\/wp\/v2\/comments?post=2075"}],"version-history":[{"count":5,"href":"https:\/\/ship-tracker.org\/de\/wp-json\/wp\/v2\/pages\/2075\/revisions"}],"predecessor-version":[{"id":2459,"href":"https:\/\/ship-tracker.org\/de\/wp-json\/wp\/v2\/pages\/2075\/revisions\/2459"}],"wp:featuredmedia":[{"embeddable":true,"href":"https:\/\/ship-tracker.org\/de\/wp-json\/wp\/v2\/media\/2076"}],"wp:attachment":[{"href":"https:\/\/ship-tracker.org\/de\/wp-json\/wp\/v2\/media?parent=2075"}],"curies":[{"name":"wp","href":"https:\/\/api.w.org\/{rel}","templated":true}]}}