{"id":2070,"date":"2020-04-29T14:35:01","date_gmt":"2020-04-29T12:35:01","guid":{"rendered":"https:\/\/ship-tracker.org\/?page_id=2070"},"modified":"2022-11-01T13:22:27","modified_gmt":"2022-11-01T12:22:27","slug":"celebrity-cruises","status":"publish","type":"page","link":"https:\/\/ship-tracker.org\/de\/celebrity-cruises\/","title":{"rendered":"Promi-Kreuzfahrten"},"content":{"rendered":"<h2>Celebrity Cruises Flottenstandort Schiffe, IMO-Nummern, MMSI, Webcams<\/h2>\n<p>Wo ist die aktuelle Position der Celebrity Cruises-Flotte derzeit?<\/p>\n<table style=\"border-collapse: collapse; width: 100%; height: 336px;\">\n<tbody>\n<tr style=\"height: 24px;\">\n<td style=\"width: 33.3333%; height: 24px;\"><span style=\"color: #1f405b;\"><strong>Schiff<\/strong><\/span><\/td>\n<td style=\"width: 33.3333%; height: 24px;\"><span style=\"color: #1f405b;\"><strong>Meiner Meinung nach<\/strong><\/span><\/td>\n<td style=\"width: 33.3333%; height: 24px;\"><span style=\"color: #1f405b;\"><strong>MMSI<\/strong><\/span><\/td>\n<\/tr>\n<tr style=\"height: 24px;\">\n<td style=\"width: 33.3333%; height: 24px;\"><a href=\"https:\/\/ship-tracker.org\/de\/celebrity-apex\/\">Promi-Apex<\/a><\/td>\n<td style=\"width: 33.3333%; height: 24px;\">9838383<\/td>\n<td style=\"width: 33.3333%; height: 24px;\">215105000<\/td>\n<\/tr>\n<tr style=\"height: 24px;\">\n<td style=\"width: 33.3333%; height: 24px;\"><a href=\"https:\/\/ship-tracker.org\/de\/celebrity-flora\/\">Promi-Flora<\/a><\/td>\n<td style=\"width: 33.3333%; height: 24px;\">9837925<\/td>\n<td style=\"width: 33.3333%; height: 24px;\">735059945<\/td>\n<\/tr>\n<tr style=\"height: 24px;\">\n<td style=\"width: 33.3333%; height: 24px;\"><a href=\"https:\/\/ship-tracker.org\/de\/celebrity-edge\/\">Celebrity Edge<\/a><\/td>\n<td style=\"width: 33.3333%; height: 24px;\">9812705<\/td>\n<td style=\"width: 33.3333%; height: 24px;\">248325000<\/td>\n<\/tr>\n<tr style=\"height: 24px;\">\n<td style=\"width: 33.3333%; height: 24px;\"><a href=\"https:\/\/ship-tracker.org\/de\/celebrity-silhouette\/\">Promi-Silhouette<\/a><\/td>\n<td style=\"width: 33.3333%; height: 24px;\">9451094<\/td>\n<td style=\"width: 33.3333%; height: 24px;\">248939000<\/td>\n<\/tr>\n<tr style=\"height: 24px;\">\n<td style=\"width: 33.3333%; height: 24px;\"><a href=\"https:\/\/ship-tracker.org\/de\/celebrity-millennium\/\">Promi-Millennium<\/a><\/td>\n<td style=\"width: 33.3333%; height: 24px;\">9189419<\/td>\n<td style=\"width: 33.3333%; height: 24px;\">249055000<\/td>\n<\/tr>\n<tr style=\"height: 24px;\">\n<td style=\"width: 33.3333%; height: 24px;\"><a href=\"https:\/\/ship-tracker.org\/de\/celebrity-eclipse\/\">Promi-Finsternis<\/a><\/td>\n<td style=\"width: 33.3333%; height: 24px;\">9404314<\/td>\n<td style=\"width: 33.3333%; height: 24px;\">249666000<\/td>\n<\/tr>\n<tr style=\"height: 24px;\">\n<td style=\"width: 33.3333%; height: 24px;\"><a href=\"https:\/\/ship-tracker.org\/de\/celebrity-infinity\/\">Promi-Unendlichkeit<\/a><\/td>\n<td style=\"width: 33.3333%; height: 24px;\">9189421<\/td>\n<td style=\"width: 33.3333%; height: 24px;\">249048000<\/td>\n<\/tr>\n<tr style=\"height: 24px;\">\n<td style=\"width: 33.3333%; height: 24px;\"><a href=\"https:\/\/ship-tracker.org\/de\/celebrity-solstice\/\">Promi-Sonnenwende<\/a><\/td>\n<td style=\"width: 33.3333%; height: 24px;\">9362530<\/td>\n<td style=\"width: 33.3333%; height: 24px;\">249409000<\/td>\n<\/tr>\n<tr class=\"alt\" style=\"height: 24px;\">\n<td style=\"width: 33.3333%; height: 24px;\"><a href=\"https:\/\/ship-tracker.org\/de\/celebrity-reflection\/\">Promi-Reflexion<\/a><\/td>\n<td style=\"width: 33.3333%; height: 24px;\">9506459<\/td>\n<td style=\"width: 33.3333%; height: 24px;\">229074000<\/td>\n<\/tr>\n<tr style=\"height: 24px;\">\n<td style=\"width: 33.3333%; height: 24px;\"><a href=\"https:\/\/ship-tracker.org\/de\/celebrity-summit\/\">Promi-Gipfel<\/a><\/td>\n<td style=\"width: 33.3333%; height: 24px;\">9192387<\/td>\n<td style=\"width: 33.3333%; height: 24px;\">249047000<\/td>\n<\/tr>\n<tr style=\"height: 24px;\">\n<td style=\"width: 33.3333%; height: 24px;\"><a href=\"https:\/\/ship-tracker.org\/de\/celebrity-equinox\/\">Promi-Tagundnachtgleiche<\/a><\/td>\n<td style=\"width: 33.3333%; height: 24px;\">9372456<\/td>\n<td style=\"width: 33.3333%; height: 24px;\">249667000<\/td>\n<\/tr>\n<tr style=\"height: 24px;\">\n<td style=\"width: 33.3333%; height: 24px;\"><a href=\"https:\/\/ship-tracker.org\/de\/celebrity-constellation\/\">Promi-Konstellation<\/a><\/td>\n<td style=\"width: 33.3333%; height: 24px;\">9192399<\/td>\n<td style=\"width: 33.3333%; height: 24px;\">249046000<\/td>\n<\/tr>\n<tr style=\"height: 24px;\">\n<td style=\"width: 33.3333%; height: 24px;\"><a href=\"https:\/\/ship-tracker.org\/de\/celebrity-xpedition\/\">Promi-Xpedition<\/a><\/td>\n<td style=\"width: 33.3333%; height: 24px;\">9228368<\/td>\n<td style=\"width: 33.3333%; height: 24px;\">735023483<\/td>\n<\/tr>\n<tr>\n<td style=\"width: 33.3333%;\"><a href=\"https:\/\/ship-tracker.org\/de\/celebrity-beyond\/\">Ber\u00fchmtheit jenseits<\/a><\/td>\n<td style=\"width: 33.3333%;\">9838395<\/td>\n<td style=\"width: 33.3333%;\">215808000<\/td>\n<\/tr>\n<tr>\n<td style=\"width: 33.3333%;\"><a href=\"https:\/\/ship-tracker.org\/de\/celebrity-ascent\/\">Promi-Aufstieg<\/a><\/td>\n<td style=\"width: 33.3333%;\">2023<\/td>\n<td style=\"width: 33.3333%;\"><\/td>\n<\/tr>\n<\/tbody>\n<\/table>\n<h2>\u00dcber Celebrity Cruises<\/h2>\n<p>Celebrity Cruises steht f\u00fcr Luxus und Service vom Feinsten \u2013 daf\u00fcr steht die exklusive Reederei Celebrity Cruises. Celebrity Cruises wurde 1989 von der griechischen \u201eChandris Group\u201c gegr\u00fcndet und fusionierte 1997 mit Royel Caribbean International. Seitdem hat sich Celebrity Cruises stetig zu einem der beliebtesten Kreuzfahrtunternehmen entwickelt. Das Wohl der G\u00e4ste hat f\u00fcr Celebrity Cruises h\u00f6chste Priorit\u00e4t und steht stets im Vordergrund. Ein Gast-Personal-Verh\u00e4ltnis von 2:1 erm\u00f6glicht jedem Passagier einen erstklassigen Service und garantiert, dass keine W\u00fcnsche offen bleiben. F\u00fcr h\u00f6chsten Luxus steht der Kabinenservice und bei den Suiten sogar ein Butlerservice, der es den G\u00e4sten erm\u00f6glicht, Speisen und Getr\u00e4nke auch in der ganz privaten Atmosph\u00e4re der Kabine oder des Balkons zu genie\u00dfen.<\/p>\n<p>Celebrity Cruises bietet ein einzigartiges Unterhaltungsprogramm der Extraklasse. Konzerte, Theaterauff\u00fchrungen und Live-Shows langweilen garantiert niemanden. Broadway-Shows und preisgekr\u00f6nte Zirkusshows sind regelm\u00e4\u00dfige G\u00e4ste an Bord von Celebrity Cruises. Aber auch aktive und kreative Passagiere kommen auf ihre Kosten, denn auch Workshops zu Themen wie Schmuck, Malerei, Tanz oder Wein geh\u00f6ren zum vielf\u00e4ltigen Programm von Celebrity Cruises. Kunstinteressierte werden sich an Bord der Schiffe sicherlich \u00fcber die Galerie und das Kunstatelier freuen.<\/p>\n<p>Die Schiffe von Celebrity Cruises bieten den Passagieren ein modern ausgestattetes Fitnessstudio sowie die M\u00f6glichkeit, an verschiedenen Kursen wie Aerobic, Pilates, Spinning und Yoga teilzunehmen. F\u00fcr Kreuzfahrten in Europa, Australien und der Karibik k\u00f6nnen G\u00e4ste auch aktive Ausfl\u00fcge wie Kanufahren, Stand-Up-Paddeln oder Hydrobiking buchen.<\/p>","protected":false},"excerpt":{"rendered":"<p>Standort der Celebrity Cruises-Flotte Schiffe, IMO-Nummern, MMSI, Webcams Wo befindet sich die aktuelle Position der Celebrity Cruises-Flotte? Schiff IMO MMSI Celebrity Apex 9838383 215105000 Celebrity Flora 9837925 735059945 Celebrity Edge 9812705 248325000 Celebrity Silhouette 9451094 248939000 Celebrity Millennium 9189419 249055000 Celebrity Eclipse 9404314 249666000 Celebrity Infinity 9189421 249048000 Celebrity Solstice 9362530 249409000 Celebrity\u2026&nbsp;<a href=\"https:\/\/ship-tracker.org\/de\/celebrity-cruises\/\" rel=\"bookmark\">Weiterlesen \u00bb<span class=\"screen-reader-text\">Promi-Kreuzfahrten<\/span><\/a><\/p>","protected":false},"author":1,"featured_media":2071,"parent":0,"menu_order":0,"comment_status":"closed","ping_status":"closed","template":"","meta":{"neve_meta_sidebar":"","neve_meta_container":"","neve_meta_enable_content_width":"","neve_meta_content_width":0,"neve_meta_title_alignment":"","neve_meta_author_avatar":"","neve_post_elements_order":"","neve_meta_disable_header":"","neve_meta_disable_footer":"","neve_meta_disable_title":"","neve_meta_reading_time":"","footnotes":""},"class_list":["post-2070","page","type-page","status-publish","has-post-thumbnail","hentry"],"yoast_head":"<!-- This site is optimized with the Yoast SEO plugin v26.9 - https:\/\/yoast.com\/product\/yoast-seo-wordpress\/ -->\n<title>Track Celebrity Cruises Fleet | Cruise Ships | Marine Vessel<\/title>\n<meta name=\"description\" content=\"Celebrity Cruises Fleet Location | Current Positions of Celebrity Cruises Ships, IMO numbers, MMSI, Webcam | Live Fleet Maps | Ship Tracker\" \/>\n<meta name=\"robots\" content=\"index, follow, max-snippet:-1, max-image-preview:large, max-video-preview:-1\" \/>\n<link rel=\"canonical\" href=\"https:\/\/ship-tracker.org\/de\/celebrity-cruises\/\" \/>\n<meta property=\"og:locale\" content=\"de_DE\" \/>\n<meta property=\"og:type\" content=\"article\" \/>\n<meta property=\"og:title\" content=\"Track Celebrity Cruises Fleet | Cruise Ships | Marine Vessel\" \/>\n<meta property=\"og:description\" content=\"Celebrity Cruises Fleet Location | Current Positions of Celebrity Cruises Ships, IMO numbers, MMSI, Webcam | Live Fleet Maps | Ship Tracker\" \/>\n<meta property=\"og:url\" content=\"https:\/\/ship-tracker.org\/de\/celebrity-cruises\/\" \/>\n<meta property=\"og:site_name\" content=\"Ship-tracker.org\" \/>\n<meta property=\"article:modified_time\" content=\"2022-11-01T12:22:27+00:00\" \/>\n<meta property=\"og:image\" content=\"https:\/\/ship-tracker.org\/wp-content\/uploads\/2020\/04\/celebrity-cruises.jpg\" \/>\n\t<meta property=\"og:image:width\" content=\"400\" \/>\n\t<meta property=\"og:image:height\" content=\"281\" \/>\n\t<meta property=\"og:image:type\" content=\"image\/jpeg\" \/>\n<meta name=\"twitter:card\" content=\"summary_large_image\" \/>\n<meta name=\"twitter:label1\" content=\"Gesch\u00e4tzte Lesezeit\" \/>\n\t<meta name=\"twitter:data1\" content=\"2\u00a0Minuten\" \/>\n<script type=\"application\/ld+json\" class=\"yoast-schema-graph\">{\"@context\":\"https:\/\/schema.org\",\"@graph\":[{\"@type\":\"WebPage\",\"@id\":\"https:\/\/ship-tracker.org\/celebrity-cruises\/\",\"url\":\"https:\/\/ship-tracker.org\/celebrity-cruises\/\",\"name\":\"Track Celebrity Cruises Fleet | Cruise Ships | Marine Vessel\",\"isPartOf\":{\"@id\":\"https:\/\/ship-tracker.org\/#website\"},\"primaryImageOfPage\":{\"@id\":\"https:\/\/ship-tracker.org\/celebrity-cruises\/#primaryimage\"},\"image\":{\"@id\":\"https:\/\/ship-tracker.org\/celebrity-cruises\/#primaryimage\"},\"thumbnailUrl\":\"https:\/\/ship-tracker.org\/wp-content\/uploads\/2020\/04\/celebrity-cruises.jpg\",\"datePublished\":\"2020-04-29T12:35:01+00:00\",\"dateModified\":\"2022-11-01T12:22:27+00:00\",\"description\":\"Celebrity Cruises Fleet Location | Current Positions of Celebrity Cruises Ships, IMO numbers, MMSI, Webcam | Live Fleet Maps | Ship Tracker\",\"breadcrumb\":{\"@id\":\"https:\/\/ship-tracker.org\/celebrity-cruises\/#breadcrumb\"},\"inLanguage\":\"de\",\"potentialAction\":[{\"@type\":\"ReadAction\",\"target\":[\"https:\/\/ship-tracker.org\/celebrity-cruises\/\"]}]},{\"@type\":\"ImageObject\",\"inLanguage\":\"de\",\"@id\":\"https:\/\/ship-tracker.org\/celebrity-cruises\/#primaryimage\",\"url\":\"https:\/\/ship-tracker.org\/wp-content\/uploads\/2020\/04\/celebrity-cruises.jpg\",\"contentUrl\":\"https:\/\/ship-tracker.org\/wp-content\/uploads\/2020\/04\/celebrity-cruises.jpg\",\"width\":400,\"height\":281,\"caption\":\"Celebrity Cruises\"},{\"@type\":\"BreadcrumbList\",\"@id\":\"https:\/\/ship-tracker.org\/celebrity-cruises\/#breadcrumb\",\"itemListElement\":[{\"@type\":\"ListItem\",\"position\":1,\"name\":\"Startseite\",\"item\":\"https:\/\/ship-tracker.org\/\"},{\"@type\":\"ListItem\",\"position\":2,\"name\":\"Celebrity Cruises\"}]},{\"@type\":\"WebSite\",\"@id\":\"https:\/\/ship-tracker.org\/#website\",\"url\":\"https:\/\/ship-tracker.org\/\",\"name\":\"Ship-tracker.org\",\"description\":\"\",\"potentialAction\":[{\"@type\":\"SearchAction\",\"target\":{\"@type\":\"EntryPoint\",\"urlTemplate\":\"https:\/\/ship-tracker.org\/?s={search_term_string}\"},\"query-input\":{\"@type\":\"PropertyValueSpecification\",\"valueRequired\":true,\"valueName\":\"search_term_string\"}}],\"inLanguage\":\"de\"}]}<\/script>\n<!-- \/ Yoast SEO plugin. -->","yoast_head_json":{"title":"Verfolgen Sie die Flotte von Celebrity Cruises | Kreuzfahrtschiffe | Marineschiff","description":"Standort der Celebrity Cruises-Flotte | Aktuelle Positionen der Schiffe von Celebrity Cruises, IMO-Nummern, MMSI, Webcam | Live-Flottenkarten | Schiffsverfolger","robots":{"index":"index","follow":"follow","max-snippet":"max-snippet:-1","max-image-preview":"max-image-preview:large","max-video-preview":"max-video-preview:-1"},"canonical":"https:\/\/ship-tracker.org\/de\/celebrity-cruises\/","og_locale":"de_DE","og_type":"article","og_title":"Track Celebrity Cruises Fleet | Cruise Ships | Marine Vessel","og_description":"Celebrity Cruises Fleet Location | Current Positions of Celebrity Cruises Ships, IMO numbers, MMSI, Webcam | Live Fleet Maps | Ship Tracker","og_url":"https:\/\/ship-tracker.org\/de\/celebrity-cruises\/","og_site_name":"Ship-tracker.org","article_modified_time":"2022-11-01T12:22:27+00:00","og_image":[{"width":400,"height":281,"url":"https:\/\/ship-tracker.org\/wp-content\/uploads\/2020\/04\/celebrity-cruises.jpg","type":"image\/jpeg"}],"twitter_card":"summary_large_image","twitter_misc":{"Gesch\u00e4tzte Lesezeit":"2\u00a0Minuten"},"schema":{"@context":"https:\/\/schema.org","@graph":[{"@type":"WebPage","@id":"https:\/\/ship-tracker.org\/celebrity-cruises\/","url":"https:\/\/ship-tracker.org\/celebrity-cruises\/","name":"Verfolgen Sie die Flotte von Celebrity Cruises | Kreuzfahrtschiffe | Marineschiff","isPartOf":{"@id":"https:\/\/ship-tracker.org\/#website"},"primaryImageOfPage":{"@id":"https:\/\/ship-tracker.org\/celebrity-cruises\/#primaryimage"},"image":{"@id":"https:\/\/ship-tracker.org\/celebrity-cruises\/#primaryimage"},"thumbnailUrl":"https:\/\/ship-tracker.org\/wp-content\/uploads\/2020\/04\/celebrity-cruises.jpg","datePublished":"2020-04-29T12:35:01+00:00","dateModified":"2022-11-01T12:22:27+00:00","description":"Standort der Celebrity Cruises-Flotte | Aktuelle Positionen der Schiffe von Celebrity Cruises, IMO-Nummern, MMSI, Webcam | Live-Flottenkarten | Schiffsverfolger","breadcrumb":{"@id":"https:\/\/ship-tracker.org\/celebrity-cruises\/#breadcrumb"},"inLanguage":"de","potentialAction":[{"@type":"ReadAction","target":["https:\/\/ship-tracker.org\/celebrity-cruises\/"]}]},{"@type":"ImageObject","inLanguage":"de","@id":"https:\/\/ship-tracker.org\/celebrity-cruises\/#primaryimage","url":"https:\/\/ship-tracker.org\/wp-content\/uploads\/2020\/04\/celebrity-cruises.jpg","contentUrl":"https:\/\/ship-tracker.org\/wp-content\/uploads\/2020\/04\/celebrity-cruises.jpg","width":400,"height":281,"caption":"Celebrity Cruises"},{"@type":"BreadcrumbList","@id":"https:\/\/ship-tracker.org\/celebrity-cruises\/#breadcrumb","itemListElement":[{"@type":"ListItem","position":1,"name":"Startseite","item":"https:\/\/ship-tracker.org\/"},{"@type":"ListItem","position":2,"name":"Celebrity Cruises"}]},{"@type":"WebSite","@id":"https:\/\/ship-tracker.org\/#website","url":"https:\/\/ship-tracker.org\/","name":"Ship-tracker.org","description":"","potentialAction":[{"@type":"SearchAction","target":{"@type":"EntryPoint","urlTemplate":"https:\/\/ship-tracker.org\/?s={search_term_string}"},"query-input":{"@type":"PropertyValueSpecification","valueRequired":true,"valueName":"search_term_string"}}],"inLanguage":"de"}]}},"_links":{"self":[{"href":"https:\/\/ship-tracker.org\/de\/wp-json\/wp\/v2\/pages\/2070","targetHints":{"allow":["GET"]}}],"collection":[{"href":"https:\/\/ship-tracker.org\/de\/wp-json\/wp\/v2\/pages"}],"about":[{"href":"https:\/\/ship-tracker.org\/de\/wp-json\/wp\/v2\/types\/page"}],"author":[{"embeddable":true,"href":"https:\/\/ship-tracker.org\/de\/wp-json\/wp\/v2\/users\/1"}],"replies":[{"embeddable":true,"href":"https:\/\/ship-tracker.org\/de\/wp-json\/wp\/v2\/comments?post=2070"}],"version-history":[{"count":8,"href":"https:\/\/ship-tracker.org\/de\/wp-json\/wp\/v2\/pages\/2070\/revisions"}],"predecessor-version":[{"id":3532,"href":"https:\/\/ship-tracker.org\/de\/wp-json\/wp\/v2\/pages\/2070\/revisions\/3532"}],"wp:featuredmedia":[{"embeddable":true,"href":"https:\/\/ship-tracker.org\/de\/wp-json\/wp\/v2\/media\/2071"}],"wp:attachment":[{"href":"https:\/\/ship-tracker.org\/de\/wp-json\/wp\/v2\/media?parent=2070"}],"curies":[{"name":"wp","href":"https:\/\/api.w.org\/{rel}","templated":true}]}}