{"id":2056,"date":"2020-04-29T14:29:44","date_gmt":"2020-04-29T12:29:44","guid":{"rendered":"https:\/\/ship-tracker.org\/?page_id=2056"},"modified":"2022-10-27T16:00:27","modified_gmt":"2022-10-27T14:00:27","slug":"hurtigruten","status":"publish","type":"page","link":"https:\/\/ship-tracker.org\/de\/hurtigruten\/","title":{"rendered":"Hurtigruten"},"content":{"rendered":"<h2>Standort der Schiffe der Hurtigruten-Flotte, IMO-Nummern, MMSI, Webcams<\/h2>\n<p>Wo ist die aktuelle Position der Hurtigruten-Flotte derzeit?<\/p>\n<table style=\"border-collapse: collapse; width: 100%; height: 384px;\">\n<tbody>\n<tr style=\"height: 24px;\">\n<td style=\"width: 33.3333%; height: 24px;\"><span style=\"color: #1f405b;\"><strong>Schiff<\/strong><\/span><\/td>\n<td style=\"width: 33.3333%; height: 24px;\"><span style=\"color: #1f405b;\"><strong>Meiner Meinung nach<\/strong><\/span><\/td>\n<td style=\"width: 33.3333%; height: 24px;\"><span style=\"color: #1f405b;\"><strong>MMSI<\/strong><\/span><\/td>\n<\/tr>\n<tr style=\"height: 24px;\">\n<td style=\"width: 33.3333%; height: 24px;\"><a href=\"https:\/\/ship-tracker.org\/de\/ms-lofoten\/\">MS Lofoten<\/a><\/td>\n<td style=\"width: 33.3333%; height: 24px;\">5424562<\/td>\n<td style=\"width: 33.3333%; height: 24px;\">258477000<\/td>\n<\/tr>\n<tr style=\"height: 24px;\">\n<td style=\"width: 33.3333%; height: 24px;\"><a href=\"https:\/\/ship-tracker.org\/de\/ms-fridtjof-nansen\/\">MS Fridtjof Nansen<\/a><\/td>\n<td style=\"width: 33.3333%; height: 24px;\">9813084<\/td>\n<td style=\"width: 33.3333%; height: 24px;\">257088070<\/td>\n<\/tr>\n<tr style=\"height: 24px;\">\n<td style=\"width: 33.3333%; height: 24px;\"><a href=\"https:\/\/ship-tracker.org\/de\/ms-roald-amundsen\/\">MS Roald Amundsen<\/a><\/td>\n<td style=\"width: 33.3333%; height: 24px;\">9813072<\/td>\n<td style=\"width: 33.3333%; height: 24px;\">257425000<\/td>\n<\/tr>\n<tr style=\"height: 24px;\">\n<td style=\"width: 33.3333%; height: 24px;\"><a href=\"https:\/\/ship-tracker.org\/de\/ms-spitsbergen\/\">MS Spitzbergen<\/a><\/td>\n<td style=\"width: 33.3333%; height: 24px;\">9434060<\/td>\n<td style=\"width: 33.3333%; height: 24px;\">258157000<\/td>\n<\/tr>\n<tr style=\"height: 24px;\">\n<td style=\"width: 33.3333%; height: 24px;\"><a href=\"https:\/\/ship-tracker.org\/de\/ms-fram\/\">MS Fram<\/a><\/td>\n<td style=\"width: 33.3333%; height: 24px;\">9370018<\/td>\n<td style=\"width: 33.3333%; height: 24px;\">258932000<\/td>\n<\/tr>\n<tr style=\"height: 24px;\">\n<td style=\"width: 33.3333%; height: 24px;\"><a href=\"https:\/\/ship-tracker.org\/de\/ms-midnatsol\/\">MS Midnatsol<\/a><\/td>\n<td style=\"width: 33.3333%; height: 24px;\">9247728<\/td>\n<td style=\"width: 33.3333%; height: 24px;\">258595000<\/td>\n<\/tr>\n<tr style=\"height: 24px;\">\n<td style=\"width: 33.3333%; height: 24px;\"><a href=\"https:\/\/ship-tracker.org\/de\/ms-trollfjord\/\">MS Trollfjord<\/a><\/td>\n<td style=\"width: 33.3333%; height: 24px;\">9233258<\/td>\n<td style=\"width: 33.3333%; height: 24px;\">258465000<\/td>\n<\/tr>\n<tr style=\"height: 24px;\">\n<td style=\"width: 33.3333%; height: 24px;\"><a href=\"https:\/\/ship-tracker.org\/de\/ms-nordnorge\/\">MS Nordnorge<\/a><\/td>\n<td style=\"width: 33.3333%; height: 24px;\">9107784<\/td>\n<td style=\"width: 33.3333%; height: 24px;\">259371000<\/td>\n<\/tr>\n<tr style=\"height: 24px;\">\n<td style=\"width: 33.3333%; height: 24px;\"><a href=\"https:\/\/ship-tracker.org\/de\/ms-polarlys\/\">MS Polarlys<\/a><\/td>\n<td style=\"width: 33.3333%; height: 24px;\">9107796<\/td>\n<td style=\"width: 33.3333%; height: 24px;\">259322000<\/td>\n<\/tr>\n<tr style=\"height: 24px;\">\n<td style=\"width: 33.3333%; height: 24px;\"><a href=\"https:\/\/ship-tracker.org\/de\/ms-nordkapp\/\">MS Nordkapp<\/a><\/td>\n<td style=\"width: 33.3333%; height: 24px;\">9107772<\/td>\n<td style=\"width: 33.3333%; height: 24px;\">259330000<\/td>\n<\/tr>\n<tr style=\"height: 24px;\">\n<td style=\"width: 33.3333%; height: 24px;\"><a href=\"https:\/\/ship-tracker.org\/de\/ms-nordlys\/\">MS Nordlys<\/a><\/td>\n<td style=\"width: 33.3333%; height: 24px;\">9048914<\/td>\n<td style=\"width: 33.3333%; height: 24px;\">259139000<\/td>\n<\/tr>\n<tr style=\"height: 24px;\">\n<td style=\"width: 33.3333%; height: 24px;\"><a href=\"https:\/\/ship-tracker.org\/de\/ms-richard-with\/\">MS Richard With<\/a><\/td>\n<td style=\"width: 33.3333%; height: 24px;\">9040429<\/td>\n<td style=\"width: 33.3333%; height: 24px;\">258500000<\/td>\n<\/tr>\n<tr style=\"height: 24px;\">\n<td style=\"width: 33.3333%; height: 24px;\"><a href=\"https:\/\/ship-tracker.org\/de\/ms-kong-harald\/\">MS Kong Harald<\/a><\/td>\n<td style=\"width: 33.3333%; height: 24px;\">9039119<\/td>\n<td style=\"width: 33.3333%; height: 24px;\">257200000<\/td>\n<\/tr>\n<tr style=\"height: 24px;\">\n<td style=\"width: 33.3333%; height: 24px;\"><a href=\"https:\/\/ship-tracker.org\/de\/ms-vesteralen\/\">MS Vesteralen<\/a><\/td>\n<td style=\"width: 33.3333%; height: 24px;\">8019368<\/td>\n<td style=\"width: 33.3333%; height: 24px;\">258478000<\/td>\n<\/tr>\n<tr style=\"height: 24px;\">\n<td style=\"width: 33.3333%; height: 24px;\"><a href=\"https:\/\/ship-tracker.org\/de\/ms-lofoten\/\">MS Lofoten<\/a><\/td>\n<td style=\"width: 33.3333%; height: 24px;\">5424562<\/td>\n<td style=\"width: 33.3333%; height: 24px;\">258477000<\/td>\n<\/tr>\n<\/tbody>\n<\/table>\n<h2>\u00dcber Hurtigruten<\/h2>\n<p>Hurtigruten ist eine der wenigen Reedereien, die Sie das ganze Jahr \u00fcber in die m\u00e4rchenhaften norwegischen Fjorde und zum Nordkap entf\u00fchrt. Bestimmte Schiffe der Hurtigruten bieten die M\u00f6glichkeit, Personen und Autos vom S\u00fcden bis zum n\u00f6rdlichen Ende Norwegens zu transportieren und bieten gleichzeitig allen Komfort, den Sie von einer Kreuzfahrt erwarten. Zus\u00e4tzlich zu den regul\u00e4ren Schifffahrtslinien und Kreuzfahrten entlang der norwegischen K\u00fcste umfassen unsere Routen einige der interessantesten Kreuzfahrtprogramme in die entlegensten Teile der Welt, wie Spitzbergen, Island, Gr\u00f6nland und die Antarktis. Hurtigruten wird als die \u201esch\u00f6nste Kreuzfahrt der Welt\u201c bezeichnet. Ob diese Beschreibung wahr ist, sollten Sie selbst herausfinden.<\/p>\n<p>Hurtigruten ist ein besonderes Erlebnis! Die Kreuzfahrt beginnt in der alten Hansestadt Bergen und f\u00fchrt hinauf nach Kirkenes, nahe der Grenze zu Russland, und dann zur\u00fcck nach Bergen. Eine Seereise von 12 Tagen, bei der auf der Hinfahrt nicht weniger als 34 H\u00e4fen angelaufen werden. Auf der R\u00fcckfahrt kommen wieder dieselben H\u00e4fen in Sicht, allerdings erreichen Sie die H\u00e4fen tags\u00fcber, w\u00e4hrend die Hinfahrt nachts erfolgt. Ausfl\u00fcge werden von verschiedenen H\u00e4fen aus organisiert.<\/p>\n<p>Jedes Schiff hat seinen eigenen Charakter und ist mit allen modernen Annehmlichkeiten und Komfort ausgestattet, um eine angenehme Reise zu gew\u00e4hrleisten. Es gibt 4 verschiedene Schiffstypen. Sie k\u00f6nnen aus verschiedenen Kabinentypen mit mehr oder weniger Luxus w\u00e4hlen, aber Sie werden auf allen Schiffen \u00fcberall die gleiche Qualit\u00e4t erleben. So k\u00f6nnen Sie auf jedem Schiff der Hurtigruten k\u00f6stliche Buffets und Mahlzeiten genie\u00dfen: Fleisch und Fisch, kalt und warm.<\/p>\n<p>&nbsp;<\/p>","protected":false},"excerpt":{"rendered":"<p>Standort der Hurtigruten-Flotte Schiffe, IMO-Nummern, MMSI, Webcams Wo befindet sich die aktuelle Position der Hurtigruten-Flotte? Schiff IMO MMSI MS Lofoten 5424562 258477000 MS Fridtjof Nansen 9813084 257088070 MS Roald Amundsen 9813072 257425000 MS Spitsbergen 9434060 258157000 MS Fram 9370018 258932000 MS Midnatsol 9247728 258595000 MS Trollfjord 9233258 258465000 MS Nordnorge 9107784 259371000 MS\u2026&nbsp;<a href=\"https:\/\/ship-tracker.org\/de\/hurtigruten\/\" rel=\"bookmark\">Weiterlesen \u00bb<span class=\"screen-reader-text\">Hurtigruten<\/span><\/a><\/p>","protected":false},"author":1,"featured_media":2057,"parent":0,"menu_order":0,"comment_status":"closed","ping_status":"closed","template":"","meta":{"neve_meta_sidebar":"","neve_meta_container":"","neve_meta_enable_content_width":"","neve_meta_content_width":0,"neve_meta_title_alignment":"","neve_meta_author_avatar":"","neve_post_elements_order":"","neve_meta_disable_header":"","neve_meta_disable_footer":"","neve_meta_disable_title":"","neve_meta_reading_time":"","footnotes":""},"class_list":["post-2056","page","type-page","status-publish","has-post-thumbnail","hentry"],"yoast_head":"<!-- This site is optimized with the Yoast SEO plugin v26.9 - https:\/\/yoast.com\/product\/yoast-seo-wordpress\/ -->\n<title>Track Hurtigruten Fleet | Cruise Ships | Marine Vessel<\/title>\n<meta name=\"description\" content=\"Hurtigruten Fleet Location | Current Positions of Hurtigruten Ships, IMO numbers, MMSI, Webcam | Live Fleet Maps | Live Ship Tracker\" \/>\n<meta name=\"robots\" content=\"index, follow, max-snippet:-1, max-image-preview:large, max-video-preview:-1\" \/>\n<link rel=\"canonical\" href=\"https:\/\/ship-tracker.org\/de\/hurtigruten\/\" \/>\n<meta property=\"og:locale\" content=\"de_DE\" \/>\n<meta property=\"og:type\" content=\"article\" \/>\n<meta property=\"og:title\" content=\"Track Hurtigruten Fleet | Cruise Ships | Marine Vessel\" \/>\n<meta property=\"og:description\" content=\"Hurtigruten Fleet Location | Current Positions of Hurtigruten Ships, IMO numbers, MMSI, Webcam | Live Fleet Maps | Live Ship Tracker\" \/>\n<meta property=\"og:url\" content=\"https:\/\/ship-tracker.org\/de\/hurtigruten\/\" \/>\n<meta property=\"og:site_name\" content=\"Ship-tracker.org\" \/>\n<meta property=\"article:modified_time\" content=\"2022-10-27T14:00:27+00:00\" \/>\n<meta property=\"og:image\" content=\"https:\/\/ship-tracker.org\/wp-content\/uploads\/2020\/04\/hurtigruten-web.jpg\" \/>\n\t<meta property=\"og:image:width\" content=\"1000\" \/>\n\t<meta property=\"og:image:height\" content=\"682\" \/>\n\t<meta property=\"og:image:type\" content=\"image\/jpeg\" \/>\n<meta name=\"twitter:card\" content=\"summary_large_image\" \/>\n<meta name=\"twitter:label1\" content=\"Gesch\u00e4tzte Lesezeit\" \/>\n\t<meta name=\"twitter:data1\" content=\"2\u00a0Minuten\" \/>\n<script type=\"application\/ld+json\" class=\"yoast-schema-graph\">{\"@context\":\"https:\/\/schema.org\",\"@graph\":[{\"@type\":\"WebPage\",\"@id\":\"https:\/\/ship-tracker.org\/hurtigruten\/\",\"url\":\"https:\/\/ship-tracker.org\/hurtigruten\/\",\"name\":\"Track Hurtigruten Fleet | Cruise Ships | Marine Vessel\",\"isPartOf\":{\"@id\":\"https:\/\/ship-tracker.org\/#website\"},\"primaryImageOfPage\":{\"@id\":\"https:\/\/ship-tracker.org\/hurtigruten\/#primaryimage\"},\"image\":{\"@id\":\"https:\/\/ship-tracker.org\/hurtigruten\/#primaryimage\"},\"thumbnailUrl\":\"https:\/\/ship-tracker.org\/wp-content\/uploads\/2020\/04\/hurtigruten-web.jpg\",\"datePublished\":\"2020-04-29T12:29:44+00:00\",\"dateModified\":\"2022-10-27T14:00:27+00:00\",\"description\":\"Hurtigruten Fleet Location | Current Positions of Hurtigruten Ships, IMO numbers, MMSI, Webcam | Live Fleet Maps | Live Ship Tracker\",\"breadcrumb\":{\"@id\":\"https:\/\/ship-tracker.org\/hurtigruten\/#breadcrumb\"},\"inLanguage\":\"de\",\"potentialAction\":[{\"@type\":\"ReadAction\",\"target\":[\"https:\/\/ship-tracker.org\/hurtigruten\/\"]}]},{\"@type\":\"ImageObject\",\"inLanguage\":\"de\",\"@id\":\"https:\/\/ship-tracker.org\/hurtigruten\/#primaryimage\",\"url\":\"https:\/\/ship-tracker.org\/wp-content\/uploads\/2020\/04\/hurtigruten-web.jpg\",\"contentUrl\":\"https:\/\/ship-tracker.org\/wp-content\/uploads\/2020\/04\/hurtigruten-web.jpg\",\"width\":1000,\"height\":682,\"caption\":\"Hurtigruten\"},{\"@type\":\"BreadcrumbList\",\"@id\":\"https:\/\/ship-tracker.org\/hurtigruten\/#breadcrumb\",\"itemListElement\":[{\"@type\":\"ListItem\",\"position\":1,\"name\":\"Startseite\",\"item\":\"https:\/\/ship-tracker.org\/\"},{\"@type\":\"ListItem\",\"position\":2,\"name\":\"Hurtigruten\"}]},{\"@type\":\"WebSite\",\"@id\":\"https:\/\/ship-tracker.org\/#website\",\"url\":\"https:\/\/ship-tracker.org\/\",\"name\":\"Ship-tracker.org\",\"description\":\"\",\"potentialAction\":[{\"@type\":\"SearchAction\",\"target\":{\"@type\":\"EntryPoint\",\"urlTemplate\":\"https:\/\/ship-tracker.org\/?s={search_term_string}\"},\"query-input\":{\"@type\":\"PropertyValueSpecification\",\"valueRequired\":true,\"valueName\":\"search_term_string\"}}],\"inLanguage\":\"de\"}]}<\/script>\n<!-- \/ Yoast SEO plugin. -->","yoast_head_json":{"title":"Verfolgen Sie die Hurtigruten-Flotte | Kreuzfahrtschiffe | Marineschiff","description":"Standort der Hurtigruten-Flotte | Aktuelle Positionen der Hurtigruten-Schiffe, IMO-Nummern, MMSI, Webcam | Live-Flottenkarten | Live-Schiffsverfolger","robots":{"index":"index","follow":"follow","max-snippet":"max-snippet:-1","max-image-preview":"max-image-preview:large","max-video-preview":"max-video-preview:-1"},"canonical":"https:\/\/ship-tracker.org\/de\/hurtigruten\/","og_locale":"de_DE","og_type":"article","og_title":"Track Hurtigruten Fleet | Cruise Ships | Marine Vessel","og_description":"Hurtigruten Fleet Location | Current Positions of Hurtigruten Ships, IMO numbers, MMSI, Webcam | Live Fleet Maps | Live Ship Tracker","og_url":"https:\/\/ship-tracker.org\/de\/hurtigruten\/","og_site_name":"Ship-tracker.org","article_modified_time":"2022-10-27T14:00:27+00:00","og_image":[{"width":1000,"height":682,"url":"https:\/\/ship-tracker.org\/wp-content\/uploads\/2020\/04\/hurtigruten-web.jpg","type":"image\/jpeg"}],"twitter_card":"summary_large_image","twitter_misc":{"Gesch\u00e4tzte Lesezeit":"2\u00a0Minuten"},"schema":{"@context":"https:\/\/schema.org","@graph":[{"@type":"WebPage","@id":"https:\/\/ship-tracker.org\/hurtigruten\/","url":"https:\/\/ship-tracker.org\/hurtigruten\/","name":"Verfolgen Sie die Hurtigruten-Flotte | Kreuzfahrtschiffe | Marineschiff","isPartOf":{"@id":"https:\/\/ship-tracker.org\/#website"},"primaryImageOfPage":{"@id":"https:\/\/ship-tracker.org\/hurtigruten\/#primaryimage"},"image":{"@id":"https:\/\/ship-tracker.org\/hurtigruten\/#primaryimage"},"thumbnailUrl":"https:\/\/ship-tracker.org\/wp-content\/uploads\/2020\/04\/hurtigruten-web.jpg","datePublished":"2020-04-29T12:29:44+00:00","dateModified":"2022-10-27T14:00:27+00:00","description":"Standort der Hurtigruten-Flotte | Aktuelle Positionen der Hurtigruten-Schiffe, IMO-Nummern, MMSI, Webcam | Live-Flottenkarten | Live-Schiffsverfolger","breadcrumb":{"@id":"https:\/\/ship-tracker.org\/hurtigruten\/#breadcrumb"},"inLanguage":"de","potentialAction":[{"@type":"ReadAction","target":["https:\/\/ship-tracker.org\/hurtigruten\/"]}]},{"@type":"ImageObject","inLanguage":"de","@id":"https:\/\/ship-tracker.org\/hurtigruten\/#primaryimage","url":"https:\/\/ship-tracker.org\/wp-content\/uploads\/2020\/04\/hurtigruten-web.jpg","contentUrl":"https:\/\/ship-tracker.org\/wp-content\/uploads\/2020\/04\/hurtigruten-web.jpg","width":1000,"height":682,"caption":"Hurtigruten"},{"@type":"BreadcrumbList","@id":"https:\/\/ship-tracker.org\/hurtigruten\/#breadcrumb","itemListElement":[{"@type":"ListItem","position":1,"name":"Startseite","item":"https:\/\/ship-tracker.org\/"},{"@type":"ListItem","position":2,"name":"Hurtigruten"}]},{"@type":"WebSite","@id":"https:\/\/ship-tracker.org\/#website","url":"https:\/\/ship-tracker.org\/","name":"Ship-tracker.org","description":"","potentialAction":[{"@type":"SearchAction","target":{"@type":"EntryPoint","urlTemplate":"https:\/\/ship-tracker.org\/?s={search_term_string}"},"query-input":{"@type":"PropertyValueSpecification","valueRequired":true,"valueName":"search_term_string"}}],"inLanguage":"de"}]}},"_links":{"self":[{"href":"https:\/\/ship-tracker.org\/de\/wp-json\/wp\/v2\/pages\/2056","targetHints":{"allow":["GET"]}}],"collection":[{"href":"https:\/\/ship-tracker.org\/de\/wp-json\/wp\/v2\/pages"}],"about":[{"href":"https:\/\/ship-tracker.org\/de\/wp-json\/wp\/v2\/types\/page"}],"author":[{"embeddable":true,"href":"https:\/\/ship-tracker.org\/de\/wp-json\/wp\/v2\/users\/1"}],"replies":[{"embeddable":true,"href":"https:\/\/ship-tracker.org\/de\/wp-json\/wp\/v2\/comments?post=2056"}],"version-history":[{"count":5,"href":"https:\/\/ship-tracker.org\/de\/wp-json\/wp\/v2\/pages\/2056\/revisions"}],"predecessor-version":[{"id":2475,"href":"https:\/\/ship-tracker.org\/de\/wp-json\/wp\/v2\/pages\/2056\/revisions\/2475"}],"wp:featuredmedia":[{"embeddable":true,"href":"https:\/\/ship-tracker.org\/de\/wp-json\/wp\/v2\/media\/2057"}],"wp:attachment":[{"href":"https:\/\/ship-tracker.org\/de\/wp-json\/wp\/v2\/media?parent=2056"}],"curies":[{"name":"wp","href":"https:\/\/api.w.org\/{rel}","templated":true}]}}