{"id":2049,"date":"2020-04-29T14:38:31","date_gmt":"2020-04-29T12:38:31","guid":{"rendered":"https:\/\/ship-tracker.org\/?page_id=2049"},"modified":"2022-11-01T13:43:29","modified_gmt":"2022-11-01T12:43:29","slug":"cunard-line","status":"publish","type":"page","link":"https:\/\/ship-tracker.org\/de\/cunard-line\/","title":{"rendered":"Cunard-Linie"},"content":{"rendered":"<h2>Cunard Line Flottenstandort Schiffe, IMO-Nummern, MMSI, Webcams<\/h2>\n<p>Wo ist die aktuelle Position der Cunard Line-Flotte derzeit?<\/p>\n<table style=\"border-collapse: collapse; width: 100%; height: 96px;\">\n<tbody>\n<tr style=\"height: 24px;\">\n<td style=\"width: 33.3333%; height: 24px;\"><span style=\"color: #1f405b;\"><strong>Schiff<\/strong><\/span><\/td>\n<td style=\"width: 33.3333%; height: 24px;\"><span style=\"color: #1f405b;\"><strong>Meiner Meinung nach<\/strong><\/span><\/td>\n<td style=\"width: 33.3333%; height: 24px;\"><span style=\"color: #1f405b;\"><strong>MMSI<\/strong><\/span><\/td>\n<\/tr>\n<tr style=\"height: 24px;\">\n<td style=\"width: 33.3333%; height: 24px;\"><a href=\"https:\/\/ship-tracker.org\/de\/queen-elizabeth\/\">Queen Elizabeth<\/a><\/td>\n<td style=\"width: 33.3333%; height: 24px;\">9477438<\/td>\n<td style=\"width: 33.3333%; height: 24px;\">310625000<\/td>\n<\/tr>\n<tr style=\"height: 24px;\">\n<td style=\"width: 33.3333%; height: 24px;\"><a href=\"https:\/\/ship-tracker.org\/de\/queen-victoria\/\">K\u00f6nigin Victoria<\/a><\/td>\n<td style=\"width: 33.3333%; height: 24px;\">9320556<\/td>\n<td style=\"width: 33.3333%; height: 24px;\">310624000<\/td>\n<\/tr>\n<tr style=\"height: 24px;\">\n<td style=\"width: 33.3333%; height: 24px;\"><a href=\"https:\/\/ship-tracker.org\/de\/queen-mary-2\/\">K\u00f6nigin Mary 2<\/a><\/td>\n<td style=\"width: 33.3333%; height: 24px;\">9241061<\/td>\n<td style=\"width: 33.3333%; height: 24px;\">310627000<\/td>\n<\/tr>\n<tr>\n<td style=\"width: 33.3333%;\"><a href=\"https:\/\/ship-tracker.org\/de\/queen-anne\/\">K\u00f6nigin Anne<\/a><\/td>\n<td style=\"width: 33.3333%;\">2024<\/td>\n<td style=\"width: 33.3333%;\"><\/td>\n<\/tr>\n<\/tbody>\n<\/table>\n<h2>\u00dcber Cunard Line<\/h2>\n<p>Cunard Line steht f\u00fcr klassischen britischen Luxus und Eleganz. Die Cunard-Flotte besteht aus drei schicken 5-Sterne-Kreuzfahrtschiffen: Queen Elizabeth, Queen Victoria und Queen Mary 2. Seit 150 Jahren befahren Schiffe der Cunard Line die Weltmeere. Mit Schiffen wie der Queen Mary und der Queen Elizabeth erlangte unsere Reederei auf der Route zwischen Southampton und New York Weltruhm. Noch heute k\u00f6nnen Sie selbst erleben, wie es ist, nach einer luxuri\u00f6sen 6-t\u00e4gigen Seereise die Freiheitsstatue und die Skyline von Manhattan zu sehen.<\/p>\n<p>Entscheiden Sie sich jetzt f\u00fcr eine Kreuzfahrt mit Cunard Line, um au\u00dfergew\u00f6hnliche Abenteuer zu erleben und die ganze Welt zu entdecken. Die sorgf\u00e4ltig zusammengestellten Reiserouten stellen sicher, dass Sie Ihre Reisezeit optimal nutzen. Die Cunard-Flotte bringt Sie zu den sch\u00f6nsten Zielen der Welt wie Norwegen, Kreta, Bermuda und Australien. Sie k\u00f6nnen die Welt auch auf Kreuzfahrten mit einer Dauer von bis zu 4 Monaten bereisen. Cunard Line bietet vielseitige Kreuzfahrten, sodass alle Ihre W\u00fcnsche erf\u00fcllt werden k\u00f6nnen.<\/p>\n<p>Auf Schiffen der Cunard Line sind Mahlzeiten in den Hauptrestaurants und Buffetrestaurants sowie Kaffee und Tee aus den Automaten im Buffetrestaurant im Preis inbegriffen. F\u00fcr Kaffeespezialit\u00e4ten wie Cappuccino, Espresso und Softdrinks wird ein Aufpreis berechnet. In den Spezialit\u00e4tenrestaurants, wie dem Verandah Grill, zahlen Sie einen Aufpreis und eine Reservierung wird empfohlen.<\/p>\n<p>Entspannen Sie sich zum Beispiel in einem gut platzierten Lesesessel in der Bibliothek. Au\u00dferdem haben Sie die Wahl zwischen einer gro\u00dfen Auswahl an verschiedenen Restaurant- und Barerlebnissen sowie einem belebenden Morgenlauf auf dem Promenadendeck. Unsere Kreuzfahrtschiffe verf\u00fcgen \u00fcber sorgf\u00e4ltig gestaltete Zimmer, ger\u00e4umige Kabinen und sch\u00f6ne, entspannende Restaurants, damit Sie die Kreuzfahrt in vollen Z\u00fcgen genie\u00dfen k\u00f6nnen. An Bord verbindet sich Nostalgie mit Modernit\u00e4t. Trotz des klassischen Charakters stehen Ihnen alle \u00fcblichen modernen Einrichtungen zur Verf\u00fcgung.<\/p>","protected":false},"excerpt":{"rendered":"<p>Cunard Line Flottenstandort Schiffe, IMO-Nummern, MMSI, Webcams Wo befindet sich die aktuelle Position der Cunard Line Flotte derzeit? Schiff IMO MMSI Queen Elizabeth 9477438 310625000 Queen Victoria 9320556 310624000 Queen Mary 2 9241061 310627000 Queen Anne 2024 \u00dcber Cunard Line Cunard Line steht f\u00fcr klassischen britischen Luxus und Eleganz. Die Cunard Flotte besteht aus\u2026&nbsp;<a href=\"https:\/\/ship-tracker.org\/de\/cunard-line\/\" rel=\"bookmark\">Weiterlesen \u00bb<span class=\"screen-reader-text\">Cunard-Linie<\/span><\/a><\/p>","protected":false},"author":1,"featured_media":2055,"parent":0,"menu_order":0,"comment_status":"closed","ping_status":"closed","template":"","meta":{"neve_meta_sidebar":"","neve_meta_container":"","neve_meta_enable_content_width":"","neve_meta_content_width":0,"neve_meta_title_alignment":"","neve_meta_author_avatar":"","neve_post_elements_order":"","neve_meta_disable_header":"","neve_meta_disable_footer":"","neve_meta_disable_title":"","neve_meta_reading_time":"","footnotes":""},"class_list":["post-2049","page","type-page","status-publish","has-post-thumbnail","hentry"],"yoast_head":"<!-- This site is optimized with the Yoast SEO plugin v26.9 - https:\/\/yoast.com\/product\/yoast-seo-wordpress\/ -->\n<title>Track Cunard Line Fleet | Cruise Ships | Marine Vessel<\/title>\n<meta name=\"description\" content=\"Cunard Line Fleet Location | Current Positions of Cunard Line Ships, IMO numbers, MMSI, Webcam | Live Fleet Maps | Live Ship Tracker\" \/>\n<meta name=\"robots\" content=\"index, follow, max-snippet:-1, max-image-preview:large, max-video-preview:-1\" \/>\n<link rel=\"canonical\" href=\"https:\/\/ship-tracker.org\/de\/cunard-line\/\" \/>\n<meta property=\"og:locale\" content=\"de_DE\" \/>\n<meta property=\"og:type\" content=\"article\" \/>\n<meta property=\"og:title\" content=\"Track Cunard Line Fleet | Cruise Ships | Marine Vessel\" \/>\n<meta property=\"og:description\" content=\"Cunard Line Fleet Location | Current Positions of Cunard Line Ships, IMO numbers, MMSI, Webcam | Live Fleet Maps | Live Ship Tracker\" \/>\n<meta property=\"og:url\" content=\"https:\/\/ship-tracker.org\/de\/cunard-line\/\" \/>\n<meta property=\"og:site_name\" content=\"Ship-tracker.org\" \/>\n<meta property=\"article:modified_time\" content=\"2022-11-01T12:43:29+00:00\" \/>\n<meta property=\"og:image\" content=\"https:\/\/ship-tracker.org\/wp-content\/uploads\/2020\/04\/reederei-cunard.jpg\" \/>\n\t<meta property=\"og:image:width\" content=\"325\" \/>\n\t<meta property=\"og:image:height\" content=\"245\" \/>\n\t<meta property=\"og:image:type\" content=\"image\/jpeg\" \/>\n<meta name=\"twitter:card\" content=\"summary_large_image\" \/>\n<meta name=\"twitter:label1\" content=\"Gesch\u00e4tzte Lesezeit\" \/>\n\t<meta name=\"twitter:data1\" content=\"2\u00a0Minuten\" \/>\n<script type=\"application\/ld+json\" class=\"yoast-schema-graph\">{\"@context\":\"https:\/\/schema.org\",\"@graph\":[{\"@type\":\"WebPage\",\"@id\":\"https:\/\/ship-tracker.org\/cunard-line\/\",\"url\":\"https:\/\/ship-tracker.org\/cunard-line\/\",\"name\":\"Track Cunard Line Fleet | Cruise Ships | Marine Vessel\",\"isPartOf\":{\"@id\":\"https:\/\/ship-tracker.org\/#website\"},\"primaryImageOfPage\":{\"@id\":\"https:\/\/ship-tracker.org\/cunard-line\/#primaryimage\"},\"image\":{\"@id\":\"https:\/\/ship-tracker.org\/cunard-line\/#primaryimage\"},\"thumbnailUrl\":\"https:\/\/ship-tracker.org\/wp-content\/uploads\/2020\/04\/reederei-cunard.jpg\",\"datePublished\":\"2020-04-29T12:38:31+00:00\",\"dateModified\":\"2022-11-01T12:43:29+00:00\",\"description\":\"Cunard Line Fleet Location | Current Positions of Cunard Line Ships, IMO numbers, MMSI, Webcam | Live Fleet Maps | Live Ship Tracker\",\"breadcrumb\":{\"@id\":\"https:\/\/ship-tracker.org\/cunard-line\/#breadcrumb\"},\"inLanguage\":\"de\",\"potentialAction\":[{\"@type\":\"ReadAction\",\"target\":[\"https:\/\/ship-tracker.org\/cunard-line\/\"]}]},{\"@type\":\"ImageObject\",\"inLanguage\":\"de\",\"@id\":\"https:\/\/ship-tracker.org\/cunard-line\/#primaryimage\",\"url\":\"https:\/\/ship-tracker.org\/wp-content\/uploads\/2020\/04\/reederei-cunard.jpg\",\"contentUrl\":\"https:\/\/ship-tracker.org\/wp-content\/uploads\/2020\/04\/reederei-cunard.jpg\",\"width\":325,\"height\":245,\"caption\":\"Cunard Line\"},{\"@type\":\"BreadcrumbList\",\"@id\":\"https:\/\/ship-tracker.org\/cunard-line\/#breadcrumb\",\"itemListElement\":[{\"@type\":\"ListItem\",\"position\":1,\"name\":\"Startseite\",\"item\":\"https:\/\/ship-tracker.org\/\"},{\"@type\":\"ListItem\",\"position\":2,\"name\":\"Cunard Line\"}]},{\"@type\":\"WebSite\",\"@id\":\"https:\/\/ship-tracker.org\/#website\",\"url\":\"https:\/\/ship-tracker.org\/\",\"name\":\"Ship-tracker.org\",\"description\":\"\",\"potentialAction\":[{\"@type\":\"SearchAction\",\"target\":{\"@type\":\"EntryPoint\",\"urlTemplate\":\"https:\/\/ship-tracker.org\/?s={search_term_string}\"},\"query-input\":{\"@type\":\"PropertyValueSpecification\",\"valueRequired\":true,\"valueName\":\"search_term_string\"}}],\"inLanguage\":\"de\"}]}<\/script>\n<!-- \/ Yoast SEO plugin. -->","yoast_head_json":{"title":"Verfolgen Sie die Flotte der Cunard Line | Kreuzfahrtschiffe | Marineschiff","description":"Standort der Cunard Line-Flotte | Aktuelle Positionen der Schiffe der Cunard Line, IMO-Nummern, MMSI, Webcam | Live-Flottenkarten | Live-Schiffsverfolger","robots":{"index":"index","follow":"follow","max-snippet":"max-snippet:-1","max-image-preview":"max-image-preview:large","max-video-preview":"max-video-preview:-1"},"canonical":"https:\/\/ship-tracker.org\/de\/cunard-line\/","og_locale":"de_DE","og_type":"article","og_title":"Track Cunard Line Fleet | Cruise Ships | Marine Vessel","og_description":"Cunard Line Fleet Location | Current Positions of Cunard Line Ships, IMO numbers, MMSI, Webcam | Live Fleet Maps | Live Ship Tracker","og_url":"https:\/\/ship-tracker.org\/de\/cunard-line\/","og_site_name":"Ship-tracker.org","article_modified_time":"2022-11-01T12:43:29+00:00","og_image":[{"width":325,"height":245,"url":"https:\/\/ship-tracker.org\/wp-content\/uploads\/2020\/04\/reederei-cunard.jpg","type":"image\/jpeg"}],"twitter_card":"summary_large_image","twitter_misc":{"Gesch\u00e4tzte Lesezeit":"2\u00a0Minuten"},"schema":{"@context":"https:\/\/schema.org","@graph":[{"@type":"WebPage","@id":"https:\/\/ship-tracker.org\/cunard-line\/","url":"https:\/\/ship-tracker.org\/cunard-line\/","name":"Verfolgen Sie die Flotte der Cunard Line | Kreuzfahrtschiffe | Marineschiff","isPartOf":{"@id":"https:\/\/ship-tracker.org\/#website"},"primaryImageOfPage":{"@id":"https:\/\/ship-tracker.org\/cunard-line\/#primaryimage"},"image":{"@id":"https:\/\/ship-tracker.org\/cunard-line\/#primaryimage"},"thumbnailUrl":"https:\/\/ship-tracker.org\/wp-content\/uploads\/2020\/04\/reederei-cunard.jpg","datePublished":"2020-04-29T12:38:31+00:00","dateModified":"2022-11-01T12:43:29+00:00","description":"Standort der Cunard Line-Flotte | Aktuelle Positionen der Schiffe der Cunard Line, IMO-Nummern, MMSI, Webcam | Live-Flottenkarten | Live-Schiffsverfolger","breadcrumb":{"@id":"https:\/\/ship-tracker.org\/cunard-line\/#breadcrumb"},"inLanguage":"de","potentialAction":[{"@type":"ReadAction","target":["https:\/\/ship-tracker.org\/cunard-line\/"]}]},{"@type":"ImageObject","inLanguage":"de","@id":"https:\/\/ship-tracker.org\/cunard-line\/#primaryimage","url":"https:\/\/ship-tracker.org\/wp-content\/uploads\/2020\/04\/reederei-cunard.jpg","contentUrl":"https:\/\/ship-tracker.org\/wp-content\/uploads\/2020\/04\/reederei-cunard.jpg","width":325,"height":245,"caption":"Cunard Line"},{"@type":"BreadcrumbList","@id":"https:\/\/ship-tracker.org\/cunard-line\/#breadcrumb","itemListElement":[{"@type":"ListItem","position":1,"name":"Startseite","item":"https:\/\/ship-tracker.org\/"},{"@type":"ListItem","position":2,"name":"Cunard Line"}]},{"@type":"WebSite","@id":"https:\/\/ship-tracker.org\/#website","url":"https:\/\/ship-tracker.org\/","name":"Ship-tracker.org","description":"","potentialAction":[{"@type":"SearchAction","target":{"@type":"EntryPoint","urlTemplate":"https:\/\/ship-tracker.org\/?s={search_term_string}"},"query-input":{"@type":"PropertyValueSpecification","valueRequired":true,"valueName":"search_term_string"}}],"inLanguage":"de"}]}},"_links":{"self":[{"href":"https:\/\/ship-tracker.org\/de\/wp-json\/wp\/v2\/pages\/2049","targetHints":{"allow":["GET"]}}],"collection":[{"href":"https:\/\/ship-tracker.org\/de\/wp-json\/wp\/v2\/pages"}],"about":[{"href":"https:\/\/ship-tracker.org\/de\/wp-json\/wp\/v2\/types\/page"}],"author":[{"embeddable":true,"href":"https:\/\/ship-tracker.org\/de\/wp-json\/wp\/v2\/users\/1"}],"replies":[{"embeddable":true,"href":"https:\/\/ship-tracker.org\/de\/wp-json\/wp\/v2\/comments?post=2049"}],"version-history":[{"count":10,"href":"https:\/\/ship-tracker.org\/de\/wp-json\/wp\/v2\/pages\/2049\/revisions"}],"predecessor-version":[{"id":3541,"href":"https:\/\/ship-tracker.org\/de\/wp-json\/wp\/v2\/pages\/2049\/revisions\/3541"}],"wp:featuredmedia":[{"embeddable":true,"href":"https:\/\/ship-tracker.org\/de\/wp-json\/wp\/v2\/media\/2055"}],"wp:attachment":[{"href":"https:\/\/ship-tracker.org\/de\/wp-json\/wp\/v2\/media?parent=2049"}],"curies":[{"name":"wp","href":"https:\/\/api.w.org\/{rel}","templated":true}]}}