{"id":1273,"date":"2019-10-04T13:41:19","date_gmt":"2019-10-04T11:41:19","guid":{"rendered":"https:\/\/ship-tracker.org\/?page_id=1273"},"modified":"2025-12-30T06:32:21","modified_gmt":"2025-12-30T05:32:21","slug":"site-notice","status":"publish","type":"page","link":"https:\/\/ship-tracker.org\/de\/site-notice\/","title":{"rendered":"Hinweis zur Website"},"content":{"rendered":"<p><strong>Angaben gem\u00e4\u00df \u00a7 5 TMG<\/strong><br \/>\n<strong>Kontakt:<\/strong><\/p>\n<p>Petros Aslanakis<br \/>\n889\/850 Moo 5<br \/>\nNong Prue, Bang Lamung<br \/>\nChon Buri 20150<br \/>\nThailand<\/p>\n<p>E-Mail: info(@)ship-tracker.org<\/p>\n<p><strong>Bildquelle:<\/strong><\/p>\n<ul>\n<li>\u00a9 Pixabay<\/li>\n<li>\u00a9 Fontawesome.com<\/li>\n<li>\u00a9 AIDA Cruises<\/li>\n<li>\u00a9 TUI Cruises<\/li>\n<li>\u00a9 MSC Kreuzfahrten<\/li>\n<li>\u00a9 Costa Crociere<\/li>\n<li>\u00a9 Royal Caribbean Cruises Ltd<\/li>\n<li>\u00a9 Carnival Cruise Line Corporation<\/li>\n<li>\u00a9 Crystal Cruises<\/li>\n<li>\u00a9 Holland America Line<\/li>\n<li>\u00a9 Celebrity Cruises<\/li>\n<li>\u00a9 Dream Cruises<\/li>\n<\/ul>\n<p><strong>EU-Streitbeilegung<\/strong><\/p>\n<p>Die Europ\u00e4ische Kommission stellt eine Plattform zur Online-Streitbeilegung (OS) bereit:\u00a0<a href=\"http:\/\/ec.europa.eu\/consumers\/odr\">http:\/\/ec.europa.eu\/consumers\/odr<\/a><br \/>\nUnsere E-Mail-Adresse finden Sie oben im Impressum.<br \/>\nWir sind nicht bereit oder verpflichtet, an Streitbeilegungsverfahren vor einer Verbraucherschlichtungsstelle teilzunehmen.<\/p>\n<div class=\"wpb_text_column wpb_content_element\">\n<div class=\"wpb_wrapper\">\n<h2>Haftungsausschluss<\/h2>\n<p><strong>Haftung f\u00fcr Inhalte<\/strong><\/p>\n<p>Als Diensteanbieter sind wir gem\u00e4\u00df \u00a7 7 Abs. 1 TMG f\u00fcr eigene Inhalte auf diesen Seiten verantwortlich. 7 Abs. 1 Telemediengesetz (TMG). Allerdings ist laut \u00a7 Nach \u00a7 8 bis 10 TMG sind wir als Diensteanbieter nicht verpflichtet, \u00fcbermittelte oder gespeicherte fremde Informationen zu \u00fcberwachen oder nach Umst\u00e4nden zu forschen, die auf eine rechtswidrige T\u00e4tigkeit hinweisen.<\/p>\n<p><strong>Haftung f\u00fcr Links<\/strong><\/p>\n<p>Unser Angebot enth\u00e4lt Links zu externen Webseiten Dritter. Auf den Inhalt dieser Seiten haben wir keinen Einfluss und k\u00f6nnen daher auch keine Gew\u00e4hr f\u00fcr den Inhalt \u00fcbernehmen. F\u00fcr die Inhalte der verlinkten Seiten ist stets der Anbieter oder Betreiber der verlinkten Seiten verantwortlich. Die verlinkten Seiten wurden zum Zeitpunkt der Verlinkung auf m\u00f6gliche Rechtsverst\u00f6\u00dfe \u00fcberpr\u00fcft. Rechtswidrige Inhalte waren zum Zeitpunkt der Verlinkung nicht erkennbar. Ohne begr\u00fcndete Anhaltspunkte f\u00fcr einen Rechtsversto\u00df kann eine permanente inhaltliche Kontrolle der verlinkten Websites nicht angeordnet werden. Bei Kenntnis rechtswidriger Links werden wir diese umgehend entfernen.<\/p>\n<p><strong>Urheberrechte \u00a9<\/strong><\/p>\n<p>Die durch die Anbieter auf diesen Webseiten ver\u00f6ffentlichten Inhalte und Zusammenstellungen unterliegen dem deutschen Urheberrecht. Die Vervielf\u00e4ltigung, Bearbeitung, Verbreitung sowie jede Art der Verwertung au\u00dferhalb der Grenzen des Urheberrechtes bed\u00fcrfen der schriftlichen Zustimmung des Autors bzw. Erstellers. Downloads und Kopien dieser Websites sind nur f\u00fcr den privaten Gebrauch gestattet. Die kommerzielle Nutzung unserer Inhalte ohne Zustimmung des Urhebers ist untersagt. Sofern die Inhalte auf diesen Webseiten nicht vom Anbieter selbst stammen, werden die Urheberrechte Dritter beachtet. Beitr\u00e4ge Dritter auf dieser Website sind als solche gekennzeichnet. Sollten Ihnen dennoch Verst\u00f6\u00dfe gegen das Urheberrecht auffallen, bitten wir Sie, uns darauf hinzuweisen. Solche Inhalte werden wir umgehend entfernen.<\/p>\n<\/div>\n<\/div>","protected":false},"excerpt":{"rendered":"<p>Informationen gem\u00e4\u00df \u00a7 5 TMG Kontakt: Petros Aslanakis 889\/850 Moo 5 Nong Prue, Bang Lamung Chon Buri 20150 Thailand E-Mail: info(@)ship-tracker.org Bildquellen: \u00a9 Pixabay \u00a9 fontawesome.com \u00a9 AIDA Cruises \u00a9 TUI Cruises \u00a9 MSC Cruises \u00a9 Costa Crociere \u00a9 Royal Caribbean Cruises Ltd \u00a9 Carnival Cruise Line Corporation \u00a9 Crystal Cruises \u00a9\u2026&nbsp;<a href=\"https:\/\/ship-tracker.org\/de\/site-notice\/\" rel=\"bookmark\">Weiterlesen \u00bb<span class=\"screen-reader-text\">Hinweis zur Website<\/span><\/a><\/p>","protected":false},"author":1,"featured_media":0,"parent":0,"menu_order":0,"comment_status":"closed","ping_status":"closed","template":"","meta":{"neve_meta_sidebar":"","neve_meta_container":"","neve_meta_enable_content_width":"off","neve_meta_content_width":100,"neve_meta_title_alignment":"","neve_meta_author_avatar":"","neve_post_elements_order":"","neve_meta_disable_header":"","neve_meta_disable_footer":"","neve_meta_disable_title":"","neve_meta_reading_time":"","footnotes":""},"class_list":["post-1273","page","type-page","status-publish","hentry"],"yoast_head":"<!-- This site is optimized with the Yoast SEO plugin v26.9 - https:\/\/yoast.com\/product\/yoast-seo-wordpress\/ -->\n<title>Site Notice - Ship-tracker.org<\/title>\n<meta name=\"robots\" content=\"noindex, follow\" \/>\n<meta property=\"og:locale\" content=\"de_DE\" \/>\n<meta property=\"og:type\" content=\"article\" \/>\n<meta property=\"og:title\" content=\"Site Notice - Ship-tracker.org\" \/>\n<meta property=\"og:description\" content=\"Information pursuant to \u00a7 5 TMG Contact: Petros Aslanakis 889\/850 Moo 5 Nong Prue, Bang Lamung Chon Buri 20150 Thailand E-Mail: info(@)ship-tracker.org Source of images: \u00a9 Pixabay \u00a9 fontawesome.com \u00a9 AIDA Cruises \u00a9 TUI Cruises \u00a9 MSC Cruises \u00a9 Costa Crociere \u00a9 Royal Caribbean Cruises Ltd \u00a9 Carnival Cruise Line Corporation \u00a9 Crystal Cruises \u00a9&hellip;&nbsp;Weiterlesen &raquo;Site Notice\" \/>\n<meta property=\"og:url\" content=\"https:\/\/ship-tracker.org\/de\/site-notice\/\" \/>\n<meta property=\"og:site_name\" content=\"Ship-tracker.org\" \/>\n<meta property=\"article:modified_time\" content=\"2025-12-30T05:32:21+00:00\" \/>\n<meta name=\"twitter:card\" content=\"summary_large_image\" \/>\n<meta name=\"twitter:label1\" content=\"Gesch\u00e4tzte Lesezeit\" \/>\n\t<meta name=\"twitter:data1\" content=\"2\u00a0Minuten\" \/>\n<script type=\"application\/ld+json\" class=\"yoast-schema-graph\">{\"@context\":\"https:\/\/schema.org\",\"@graph\":[{\"@type\":\"WebPage\",\"@id\":\"https:\/\/ship-tracker.org\/site-notice\/\",\"url\":\"https:\/\/ship-tracker.org\/site-notice\/\",\"name\":\"Site Notice - Ship-tracker.org\",\"isPartOf\":{\"@id\":\"https:\/\/ship-tracker.org\/#website\"},\"datePublished\":\"2019-10-04T11:41:19+00:00\",\"dateModified\":\"2025-12-30T05:32:21+00:00\",\"breadcrumb\":{\"@id\":\"https:\/\/ship-tracker.org\/site-notice\/#breadcrumb\"},\"inLanguage\":\"de\",\"potentialAction\":[{\"@type\":\"ReadAction\",\"target\":[\"https:\/\/ship-tracker.org\/site-notice\/\"]}]},{\"@type\":\"BreadcrumbList\",\"@id\":\"https:\/\/ship-tracker.org\/site-notice\/#breadcrumb\",\"itemListElement\":[{\"@type\":\"ListItem\",\"position\":1,\"name\":\"Startseite\",\"item\":\"https:\/\/ship-tracker.org\/\"},{\"@type\":\"ListItem\",\"position\":2,\"name\":\"Site Notice\"}]},{\"@type\":\"WebSite\",\"@id\":\"https:\/\/ship-tracker.org\/#website\",\"url\":\"https:\/\/ship-tracker.org\/\",\"name\":\"Ship-tracker.org\",\"description\":\"\",\"potentialAction\":[{\"@type\":\"SearchAction\",\"target\":{\"@type\":\"EntryPoint\",\"urlTemplate\":\"https:\/\/ship-tracker.org\/?s={search_term_string}\"},\"query-input\":{\"@type\":\"PropertyValueSpecification\",\"valueRequired\":true,\"valueName\":\"search_term_string\"}}],\"inLanguage\":\"de\"}]}<\/script>\n<!-- \/ Yoast SEO plugin. -->","yoast_head_json":{"title":"Hinweis zur Website \u2013 Ship-tracker.org","robots":{"index":"noindex","follow":"follow"},"og_locale":"de_DE","og_type":"article","og_title":"Site Notice - Ship-tracker.org","og_description":"Information pursuant to \u00a7 5 TMG Contact: Petros Aslanakis 889\/850 Moo 5 Nong Prue, Bang Lamung Chon Buri 20150 Thailand E-Mail: info(@)ship-tracker.org Source of images: \u00a9 Pixabay \u00a9 fontawesome.com \u00a9 AIDA Cruises \u00a9 TUI Cruises \u00a9 MSC Cruises \u00a9 Costa Crociere \u00a9 Royal Caribbean Cruises Ltd \u00a9 Carnival Cruise Line Corporation \u00a9 Crystal Cruises \u00a9&hellip;&nbsp;Weiterlesen &raquo;Site Notice","og_url":"https:\/\/ship-tracker.org\/de\/site-notice\/","og_site_name":"Ship-tracker.org","article_modified_time":"2025-12-30T05:32:21+00:00","twitter_card":"summary_large_image","twitter_misc":{"Gesch\u00e4tzte Lesezeit":"2\u00a0Minuten"},"schema":{"@context":"https:\/\/schema.org","@graph":[{"@type":"WebPage","@id":"https:\/\/ship-tracker.org\/site-notice\/","url":"https:\/\/ship-tracker.org\/site-notice\/","name":"Hinweis zur Website \u2013 Ship-tracker.org","isPartOf":{"@id":"https:\/\/ship-tracker.org\/#website"},"datePublished":"2019-10-04T11:41:19+00:00","dateModified":"2025-12-30T05:32:21+00:00","breadcrumb":{"@id":"https:\/\/ship-tracker.org\/site-notice\/#breadcrumb"},"inLanguage":"de","potentialAction":[{"@type":"ReadAction","target":["https:\/\/ship-tracker.org\/site-notice\/"]}]},{"@type":"BreadcrumbList","@id":"https:\/\/ship-tracker.org\/site-notice\/#breadcrumb","itemListElement":[{"@type":"ListItem","position":1,"name":"Startseite","item":"https:\/\/ship-tracker.org\/"},{"@type":"ListItem","position":2,"name":"Site Notice"}]},{"@type":"WebSite","@id":"https:\/\/ship-tracker.org\/#website","url":"https:\/\/ship-tracker.org\/","name":"Ship-tracker.org","description":"","potentialAction":[{"@type":"SearchAction","target":{"@type":"EntryPoint","urlTemplate":"https:\/\/ship-tracker.org\/?s={search_term_string}"},"query-input":{"@type":"PropertyValueSpecification","valueRequired":true,"valueName":"search_term_string"}}],"inLanguage":"de"}]}},"_links":{"self":[{"href":"https:\/\/ship-tracker.org\/de\/wp-json\/wp\/v2\/pages\/1273","targetHints":{"allow":["GET"]}}],"collection":[{"href":"https:\/\/ship-tracker.org\/de\/wp-json\/wp\/v2\/pages"}],"about":[{"href":"https:\/\/ship-tracker.org\/de\/wp-json\/wp\/v2\/types\/page"}],"author":[{"embeddable":true,"href":"https:\/\/ship-tracker.org\/de\/wp-json\/wp\/v2\/users\/1"}],"replies":[{"embeddable":true,"href":"https:\/\/ship-tracker.org\/de\/wp-json\/wp\/v2\/comments?post=1273"}],"version-history":[{"count":6,"href":"https:\/\/ship-tracker.org\/de\/wp-json\/wp\/v2\/pages\/1273\/revisions"}],"predecessor-version":[{"id":5376,"href":"https:\/\/ship-tracker.org\/de\/wp-json\/wp\/v2\/pages\/1273\/revisions\/5376"}],"wp:attachment":[{"href":"https:\/\/ship-tracker.org\/de\/wp-json\/wp\/v2\/media?parent=1273"}],"curies":[{"name":"wp","href":"https:\/\/api.w.org\/{rel}","templated":true}]}}